{"id":56619,"date":"2025-03-19T08:41:54","date_gmt":"2025-03-19T12:41:54","guid":{"rendered":"https:\/\/allianceadvisors.com\/our-services\/"},"modified":"2025-03-20T06:59:18","modified_gmt":"2025-03-20T10:59:18","slug":"our-services","status":"publish","type":"page","link":"https:\/\/allianceadvisors.com\/fr\/our-services\/","title":{"rendered":"Nos Services"},"content":{"rendered":"<div class=\"wpb-content-wrapper\">[vc_row][vc_column]<div class=\"wpex-post-cards wpex-post-cards-template_56604 wpb-animate-in-sequence wpex-relative\"><div class=\"wpex-post-cards-inner\"><div class=\"wpex-post-cards-loop wpex-post-cards-grid wpex-row wpex-clr gap-30\"><div class=\"wpex-post-cards-entry col col-1 span_1_of_4 post-36338 type-page translation_priority-172\"><div class=\"wpex-card wpex-card-template_56604\"><style>.vc_custom_1742468398551{background-color: #FFFFFF !important;}.vc_custom_1742466646530{padding-right: 12px !important;padding-left: 20px !important;}.vc_custom_1742466688633{padding-top: 12px !important;padding-right: 12px !important;padding-bottom: 12px !important;padding-left: 12px !important;background-color: #393939 !important;}<\/style><a href=\"https:\/\/allianceadvisors.com\/fr\/sollicitation-et-engagement-des-actionnaires\/\" aria-label=\"Conseil en Assembl&eacute;e G&eacute;n&eacute;rale &amp; Engagement Actionnarial\" class=\"wpex-card-inner wpex-no-underline wpex-inherit-color\"><div class=\"vc_row wpb_row vc_row-fluid hvr hvr-shadow wpb_animate_when_almost_visible wpb_fadeIn fadeIn vc_custom_1742468398551 vc_row-o-equal-height vc_row-flex wpex-relative wpex-vc-has-custom-column-spacing wpex-vc-column-spacing-0px wpex-vc_row-has-fill wpex-vc-reset-negative-margin\" style=\"min-height:300px;\"><div class=\"wpb_column vc_column_container vc_col-sm-12\"><div class=\"vc_column-inner\"><div class=\"wpb_wrapper\"><div class=\"vcex-spacing wpex-w-100 wpex-clear\"><\/div><style>.vcex-page-title.vcex_69dc4ec85584d .vcex-page-title__heading{font-size:var(--wpex-text-xl);text-transform:capitalize;font-weight:600;line-height:var(--wpex-leading-tight);}<\/style><div class=\"vcex-page-title vcex-module wpex-text-center vc_custom_1742466646530 vcex_69dc4ec85584d\"><span href=\"https:\/\/allianceadvisors.com\/fr\/sollicitation-et-engagement-des-actionnaires\/\" class=\"vcex-page-title__link wpex-no-underline wpex-inherit-color\"><h2 class=\"vcex-page-title__heading wpex-heading wpex-text-3xl\"><span class=\"vcex-page-title__text\">Conseil en Assembl&eacute;e G&eacute;n&eacute;rale &amp; Engagement Actionnarial<\/span><\/h2><\/span><\/div><div class=\"vcex-spacing wpex-w-100 wpex-clear\" style=\"height:80px;\"><\/div>\n\t<div style=\"color:#ffffff;text-align:center;text-transform:uppercase;\" class=\"wpb_text_column has-custom-color wpex-child-inherit-color wpb_content_element vc_custom_1742466688633 wpex-mt-auto wpex-hover-shadow-md\">\n\t\t<div class=\"wpb_wrapper\">\n\t\t\t<p>En savoir plus<\/p>\n\n\t\t<\/div>\n\t<\/div>\n<\/div><\/div><\/div><\/div><\/a><\/div><\/div><div class=\"wpex-post-cards-entry col col-2 span_1_of_4 post-36411 type-page translation_priority-172\"><div class=\"wpex-card wpex-card-template_56604\"><a href=\"https:\/\/allianceadvisors.com\/fr\/conseil-en-remuneration-en-gouvernance-et-en-developpement-durable\/\" aria-label=\"Conseil en r&eacute;mun&eacute;ration, en gouvernance et en d&eacute;veloppement durable\" class=\"wpex-card-inner wpex-no-underline wpex-inherit-color\"><div class=\"vc_row wpb_row vc_row-fluid hvr hvr-shadow wpb_animate_when_almost_visible wpb_fadeIn fadeIn vc_custom_1742468398551 vc_row-o-equal-height vc_row-flex wpex-relative wpex-vc-has-custom-column-spacing wpex-vc-column-spacing-0px wpex-vc_row-has-fill wpex-vc-reset-negative-margin\" style=\"min-height:300px;\"><div class=\"wpb_column vc_column_container vc_col-sm-12\"><div class=\"vc_column-inner\"><div class=\"wpb_wrapper\"><div class=\"vcex-spacing wpex-w-100 wpex-clear\"><\/div><style>.vcex-page-title.vcex_69dc4ec857f86 .vcex-page-title__heading{font-size:var(--wpex-text-xl);text-transform:capitalize;font-weight:600;line-height:var(--wpex-leading-tight);}<\/style><div class=\"vcex-page-title vcex-module wpex-text-center vc_custom_1742466646530 vcex_69dc4ec857f86\"><span href=\"https:\/\/allianceadvisors.com\/fr\/conseil-en-remuneration-en-gouvernance-et-en-developpement-durable\/\" class=\"vcex-page-title__link wpex-no-underline wpex-inherit-color\"><h2 class=\"vcex-page-title__heading wpex-heading wpex-text-3xl\"><span class=\"vcex-page-title__text\">Conseil en r&eacute;mun&eacute;ration, en gouvernance et en d&eacute;veloppement durable<\/span><\/h2><\/span><\/div><div class=\"vcex-spacing wpex-w-100 wpex-clear\" style=\"height:80px;\"><\/div>\n\t<div style=\"color:#ffffff;text-align:center;text-transform:uppercase;\" class=\"wpb_text_column has-custom-color wpex-child-inherit-color wpb_content_element vc_custom_1742466688633 wpex-mt-auto wpex-hover-shadow-md\">\n\t\t<div class=\"wpb_wrapper\">\n\t\t\t<p>En savoir plus<\/p>\n\n\t\t<\/div>\n\t<\/div>\n<\/div><\/div><\/div><\/div><\/a><\/div><\/div><div class=\"wpex-post-cards-entry col col-3 span_1_of_4 post-36490 type-page translation_priority-172\"><div class=\"wpex-card wpex-card-template_56604\"><a href=\"https:\/\/allianceadvisors.com\/fr\/fusions-acquisitions-activisme-et-situations-speciales\/\" aria-label=\"Fusions-acquisitions, activisme et situations sp&eacute;ciales\" class=\"wpex-card-inner wpex-no-underline wpex-inherit-color\"><div class=\"vc_row wpb_row vc_row-fluid hvr hvr-shadow wpb_animate_when_almost_visible wpb_fadeIn fadeIn vc_custom_1742468398551 vc_row-o-equal-height vc_row-flex wpex-relative wpex-vc-has-custom-column-spacing wpex-vc-column-spacing-0px wpex-vc_row-has-fill wpex-vc-reset-negative-margin\" style=\"min-height:300px;\"><div class=\"wpb_column vc_column_container vc_col-sm-12\"><div class=\"vc_column-inner\"><div class=\"wpb_wrapper\"><div class=\"vcex-spacing wpex-w-100 wpex-clear\"><\/div><style>.vcex-page-title.vcex_69dc4ec8597f2 .vcex-page-title__heading{font-size:var(--wpex-text-xl);text-transform:capitalize;font-weight:600;line-height:var(--wpex-leading-tight);}<\/style><div class=\"vcex-page-title vcex-module wpex-text-center vc_custom_1742466646530 vcex_69dc4ec8597f2\"><span href=\"https:\/\/allianceadvisors.com\/fr\/fusions-acquisitions-activisme-et-situations-speciales\/\" class=\"vcex-page-title__link wpex-no-underline wpex-inherit-color\"><h2 class=\"vcex-page-title__heading wpex-heading wpex-text-3xl\"><span class=\"vcex-page-title__text\">Fusions-acquisitions, activisme et situations sp&eacute;ciales<\/span><\/h2><\/span><\/div><div class=\"vcex-spacing wpex-w-100 wpex-clear\" style=\"height:80px;\"><\/div>\n\t<div style=\"color:#ffffff;text-align:center;text-transform:uppercase;\" class=\"wpb_text_column has-custom-color wpex-child-inherit-color wpb_content_element vc_custom_1742466688633 wpex-mt-auto wpex-hover-shadow-md\">\n\t\t<div class=\"wpb_wrapper\">\n\t\t\t<p>En savoir plus<\/p>\n\n\t\t<\/div>\n\t<\/div>\n<\/div><\/div><\/div><\/div><\/a><\/div><\/div><div class=\"wpex-post-cards-entry col col-4 span_1_of_4 post-36364 type-page translation_priority-172\"><div class=\"wpex-card wpex-card-template_56604\"><a href=\"https:\/\/allianceadvisors.com\/fr\/engagement-dans-le-commerce-de-detail\/\" aria-label=\"Engagement dans le commerce de d&eacute;tail\" class=\"wpex-card-inner wpex-no-underline wpex-inherit-color\"><div class=\"vc_row wpb_row vc_row-fluid hvr hvr-shadow wpb_animate_when_almost_visible wpb_fadeIn fadeIn vc_custom_1742468398551 vc_row-o-equal-height vc_row-flex wpex-relative wpex-vc-has-custom-column-spacing wpex-vc-column-spacing-0px wpex-vc_row-has-fill wpex-vc-reset-negative-margin\" style=\"min-height:300px;\"><div class=\"wpb_column vc_column_container vc_col-sm-12\"><div class=\"vc_column-inner\"><div class=\"wpb_wrapper\"><div class=\"vcex-spacing wpex-w-100 wpex-clear\"><\/div><style>.vcex-page-title.vcex_69dc4ec85afcf .vcex-page-title__heading{font-size:var(--wpex-text-xl);text-transform:capitalize;font-weight:600;line-height:var(--wpex-leading-tight);}<\/style><div class=\"vcex-page-title vcex-module wpex-text-center vc_custom_1742466646530 vcex_69dc4ec85afcf\"><span href=\"https:\/\/allianceadvisors.com\/fr\/engagement-dans-le-commerce-de-detail\/\" class=\"vcex-page-title__link wpex-no-underline wpex-inherit-color\"><h2 class=\"vcex-page-title__heading wpex-heading wpex-text-3xl\"><span class=\"vcex-page-title__text\">Engagement dans le commerce de d&eacute;tail<\/span><\/h2><\/span><\/div><div class=\"vcex-spacing wpex-w-100 wpex-clear\" style=\"height:80px;\"><\/div>\n\t<div style=\"color:#ffffff;text-align:center;text-transform:uppercase;\" class=\"wpb_text_column has-custom-color wpex-child-inherit-color wpb_content_element vc_custom_1742466688633 wpex-mt-auto wpex-hover-shadow-md\">\n\t\t<div class=\"wpb_wrapper\">\n\t\t\t<p>En savoir plus<\/p>\n\n\t\t<\/div>\n\t<\/div>\n<\/div><\/div><\/div><\/div><\/a><\/div><\/div><div class=\"wpex-post-cards-entry col col-1 span_1_of_4 post-36445 type-page translation_priority-172\"><div class=\"wpex-card wpex-card-template_56604\"><a href=\"https:\/\/allianceadvisors.com\/fr\/logistique-en-matiere-de-procurations-et-assemblees-dactionnaires-virtuelles\/\" aria-label=\"Logistique en mati&egrave;re de procurations et assembl&eacute;es d&rsquo;actionnaires virtuelles\" class=\"wpex-card-inner wpex-no-underline wpex-inherit-color\"><div class=\"vc_row wpb_row vc_row-fluid hvr hvr-shadow wpb_animate_when_almost_visible wpb_fadeIn fadeIn vc_custom_1742468398551 vc_row-o-equal-height vc_row-flex wpex-relative wpex-vc-has-custom-column-spacing wpex-vc-column-spacing-0px wpex-vc_row-has-fill wpex-vc-reset-negative-margin\" style=\"min-height:300px;\"><div class=\"wpb_column vc_column_container vc_col-sm-12\"><div class=\"vc_column-inner\"><div class=\"wpb_wrapper\"><div class=\"vcex-spacing wpex-w-100 wpex-clear\"><\/div><style>.vcex-page-title.vcex_69dc4ec85c711 .vcex-page-title__heading{font-size:var(--wpex-text-xl);text-transform:capitalize;font-weight:600;line-height:var(--wpex-leading-tight);}<\/style><div class=\"vcex-page-title vcex-module wpex-text-center vc_custom_1742466646530 vcex_69dc4ec85c711\"><span href=\"https:\/\/allianceadvisors.com\/fr\/logistique-en-matiere-de-procurations-et-assemblees-dactionnaires-virtuelles\/\" class=\"vcex-page-title__link wpex-no-underline wpex-inherit-color\"><h2 class=\"vcex-page-title__heading wpex-heading wpex-text-3xl\"><span class=\"vcex-page-title__text\">Logistique en mati&egrave;re de procurations et assembl&eacute;es d&rsquo;actionnaires virtuelles<\/span><\/h2><\/span><\/div><div class=\"vcex-spacing wpex-w-100 wpex-clear\" style=\"height:80px;\"><\/div>\n\t<div style=\"color:#ffffff;text-align:center;text-transform:uppercase;\" class=\"wpb_text_column has-custom-color wpex-child-inherit-color wpb_content_element vc_custom_1742466688633 wpex-mt-auto wpex-hover-shadow-md\">\n\t\t<div class=\"wpb_wrapper\">\n\t\t\t<p>En savoir plus<\/p>\n\n\t\t<\/div>\n\t<\/div>\n<\/div><\/div><\/div><\/div><\/a><\/div><\/div><div class=\"wpex-post-cards-entry col col-2 span_1_of_4 post-36402 type-page translation_priority-157\"><div class=\"wpex-card wpex-card-template_56604\"><a href=\"https:\/\/allianceadvisors.com\/fr\/renseignements-sur-les-actionnaires-institutionnels\/\" aria-label=\"Surveillance des stocks\" class=\"wpex-card-inner wpex-no-underline wpex-inherit-color\"><div class=\"vc_row wpb_row vc_row-fluid hvr hvr-shadow wpb_animate_when_almost_visible wpb_fadeIn fadeIn vc_custom_1742468398551 vc_row-o-equal-height vc_row-flex wpex-relative wpex-vc-has-custom-column-spacing wpex-vc-column-spacing-0px wpex-vc_row-has-fill wpex-vc-reset-negative-margin\" style=\"min-height:300px;\"><div class=\"wpb_column vc_column_container vc_col-sm-12\"><div class=\"vc_column-inner\"><div class=\"wpb_wrapper\"><div class=\"vcex-spacing wpex-w-100 wpex-clear\"><\/div><style>.vcex-page-title.vcex_69dc4ec85decc .vcex-page-title__heading{font-size:var(--wpex-text-xl);text-transform:capitalize;font-weight:600;line-height:var(--wpex-leading-tight);}<\/style><div class=\"vcex-page-title vcex-module wpex-text-center vc_custom_1742466646530 vcex_69dc4ec85decc\"><span href=\"https:\/\/allianceadvisors.com\/fr\/renseignements-sur-les-actionnaires-institutionnels\/\" class=\"vcex-page-title__link wpex-no-underline wpex-inherit-color\"><h2 class=\"vcex-page-title__heading wpex-heading wpex-text-3xl\"><span class=\"vcex-page-title__text\">Surveillance des stocks<\/span><\/h2><\/span><\/div><div class=\"vcex-spacing wpex-w-100 wpex-clear\" style=\"height:80px;\"><\/div>\n\t<div style=\"color:#ffffff;text-align:center;text-transform:uppercase;\" class=\"wpb_text_column has-custom-color wpex-child-inherit-color wpb_content_element vc_custom_1742466688633 wpex-mt-auto wpex-hover-shadow-md\">\n\t\t<div class=\"wpb_wrapper\">\n\t\t\t<p>En savoir plus<\/p>\n\n\t\t<\/div>\n\t<\/div>\n<\/div><\/div><\/div><\/div><\/a><\/div><\/div><div class=\"wpex-post-cards-entry col col-3 span_1_of_4 post-56611 type-page translation_priority-172\"><div class=\"wpex-card wpex-card-template_56604\"><a href=\"https:\/\/allianceadvisors.com\/fr\/investor-relations\/\" aria-label=\"Investor Relations\" class=\"wpex-card-inner wpex-no-underline wpex-inherit-color\"><div class=\"vc_row wpb_row vc_row-fluid hvr hvr-shadow wpb_animate_when_almost_visible wpb_fadeIn fadeIn vc_custom_1742468398551 vc_row-o-equal-height vc_row-flex wpex-relative wpex-vc-has-custom-column-spacing wpex-vc-column-spacing-0px wpex-vc_row-has-fill wpex-vc-reset-negative-margin\" style=\"min-height:300px;\"><div class=\"wpb_column vc_column_container vc_col-sm-12\"><div class=\"vc_column-inner\"><div class=\"wpb_wrapper\"><div class=\"vcex-spacing wpex-w-100 wpex-clear\"><\/div><style>.vcex-page-title.vcex_69dc4ec85f5ac .vcex-page-title__heading{font-size:var(--wpex-text-xl);text-transform:capitalize;font-weight:600;line-height:var(--wpex-leading-tight);}<\/style><div class=\"vcex-page-title vcex-module wpex-text-center vc_custom_1742466646530 vcex_69dc4ec85f5ac\"><span href=\"https:\/\/allianceadvisors.com\/fr\/investor-relations\/\" class=\"vcex-page-title__link wpex-no-underline wpex-inherit-color\"><h2 class=\"vcex-page-title__heading wpex-heading wpex-text-3xl\"><span class=\"vcex-page-title__text\">Investor Relations<\/span><\/h2><\/span><\/div><div class=\"vcex-spacing wpex-w-100 wpex-clear\" style=\"height:80px;\"><\/div>\n\t<div style=\"color:#ffffff;text-align:center;text-transform:uppercase;\" class=\"wpb_text_column has-custom-color wpex-child-inherit-color wpb_content_element vc_custom_1742466688633 wpex-mt-auto wpex-hover-shadow-md\">\n\t\t<div class=\"wpb_wrapper\">\n\t\t\t<p>En savoir plus<\/p>\n\n\t\t<\/div>\n\t<\/div>\n<\/div><\/div><\/div><\/div><\/a><\/div><\/div><div class=\"wpex-post-cards-entry col col-4 span_1_of_4 post-36517 type-page translation_priority-170 translation_priority-172\"><div class=\"wpex-card wpex-card-template_56604\"><a href=\"https:\/\/allianceadvisors.com\/fr\/invictus\/\" aria-label=\"Invictus\" class=\"wpex-card-inner wpex-no-underline wpex-inherit-color\"><div class=\"vc_row wpb_row vc_row-fluid hvr hvr-shadow wpb_animate_when_almost_visible wpb_fadeIn fadeIn vc_custom_1742468398551 vc_row-o-equal-height vc_row-flex wpex-relative wpex-vc-has-custom-column-spacing wpex-vc-column-spacing-0px wpex-vc_row-has-fill wpex-vc-reset-negative-margin\" style=\"min-height:300px;\"><div class=\"wpb_column vc_column_container vc_col-sm-12\"><div class=\"vc_column-inner\"><div class=\"wpb_wrapper\"><div class=\"vcex-spacing wpex-w-100 wpex-clear\"><\/div><style>.vcex-page-title.vcex_69dc4ec860ed8 .vcex-page-title__heading{font-size:var(--wpex-text-xl);text-transform:capitalize;font-weight:600;line-height:var(--wpex-leading-tight);}<\/style><div class=\"vcex-page-title vcex-module wpex-text-center vc_custom_1742466646530 vcex_69dc4ec860ed8\"><span href=\"https:\/\/allianceadvisors.com\/fr\/invictus\/\" class=\"vcex-page-title__link wpex-no-underline wpex-inherit-color\"><h2 class=\"vcex-page-title__heading wpex-heading wpex-text-3xl\"><span class=\"vcex-page-title__text\">Invictus<\/span><\/h2><\/span><\/div><div class=\"vcex-spacing wpex-w-100 wpex-clear\" style=\"height:80px;\"><\/div>\n\t<div style=\"color:#ffffff;text-align:center;text-transform:uppercase;\" class=\"wpb_text_column has-custom-color wpex-child-inherit-color wpb_content_element vc_custom_1742466688633 wpex-mt-auto wpex-hover-shadow-md\">\n\t\t<div class=\"wpb_wrapper\">\n\t\t\t<p>En savoir plus<\/p>\n\n\t\t<\/div>\n\t<\/div>\n<\/div><\/div><\/div><\/div><\/a><\/div><\/div><\/div><\/div><\/div>[\/vc_column][\/vc_row]\n<\/div>","protected":false},"excerpt":{"rendered":"Invictus a \u00e9t\u00e9 d\u00e9velopp\u00e9 par Alliance Advisors afin de se lib\u00e9rer du mod\u00e8le de la \u00ab bo\u00eete noire \u00bb en termes de gestion des sollicitations de procurations et des informations sur l'actionnariat des titres. Gr\u00e2ce \u00e0 un portail num\u00e9rique personnalis\u00e9, Invictus vous fait entrer au c\u0153ur de l'action en vous offrant un acc\u00e8s \u00e0 la&hellip;","protected":false},"author":16,"featured_media":64800,"parent":0,"menu_order":0,"comment_status":"closed","ping_status":"closed","template":"","meta":{"footnotes":""},"class_list":["post-56619","page","type-page","status-publish","has-post-thumbnail","hentry","entry","has-media"],"_links":{"self":[{"href":"https:\/\/allianceadvisors.com\/fr\/wp-json\/wp\/v2\/pages\/56619","targetHints":{"allow":["GET"]}}],"collection":[{"href":"https:\/\/allianceadvisors.com\/fr\/wp-json\/wp\/v2\/pages"}],"about":[{"href":"https:\/\/allianceadvisors.com\/fr\/wp-json\/wp\/v2\/types\/page"}],"author":[{"embeddable":true,"href":"https:\/\/allianceadvisors.com\/fr\/wp-json\/wp\/v2\/users\/16"}],"replies":[{"embeddable":true,"href":"https:\/\/allianceadvisors.com\/fr\/wp-json\/wp\/v2\/comments?post=56619"}],"version-history":[{"count":2,"href":"https:\/\/allianceadvisors.com\/fr\/wp-json\/wp\/v2\/pages\/56619\/revisions"}],"predecessor-version":[{"id":56628,"href":"https:\/\/allianceadvisors.com\/fr\/wp-json\/wp\/v2\/pages\/56619\/revisions\/56628"}],"wp:featuredmedia":[{"embeddable":true,"href":"https:\/\/allianceadvisors.com\/fr\/wp-json\/wp\/v2\/media\/64800"}],"wp:attachment":[{"href":"https:\/\/allianceadvisors.com\/fr\/wp-json\/wp\/v2\/media?parent=56619"}],"curies":[{"name":"wp","href":"https:\/\/api.w.org\/{rel}","templated":true}]}}