{"id":36463,"date":"2018-12-06T12:49:02","date_gmt":"2018-12-06T17:49:02","guid":{"rendered":"https:\/\/allianceadvisors.com\/pourquoi-choisir-alliance-advisors\/"},"modified":"2025-01-31T04:17:32","modified_gmt":"2025-01-31T09:17:32","slug":"pourquoi-choisir-alliance-advisors","status":"publish","type":"page","link":"https:\/\/allianceadvisors.com\/fr\/pourquoi-choisir-alliance-advisors\/","title":{"rendered":"Why Alliance Advisors"},"content":{"rendered":"<div class=\"wpb-content-wrapper\">[vc_row full_width=&nbsp;&raquo;stretch_row_content_no_spaces&nbsp;&raquo; content_placement=&nbsp;&raquo;middle&nbsp;&raquo; column_spacing=&nbsp;&raquo;0px&nbsp;&raquo; css=&nbsp;&raquo;.vc_custom_1736255977679{background-position: center !important;background-repeat: no-repeat !important;background-size: cover !important;}&nbsp;&raquo; min_height=&nbsp;&raquo;450px&nbsp;&raquo;][vc_column css_animation=&nbsp;&raquo;fadeIn&nbsp;&raquo; css=&nbsp;&raquo;.vc_custom_1738079808501{background-image: url(https:\/\/allianceadvisors.com\/wp-content\/uploads\/2025\/01\/iStock-491871663-extended-flipped-1.jpg?id=54519) !important;background-position: center !important;background-repeat: no-repeat !important;background-size: cover !important;}&nbsp;&raquo; wpex_bg_position=&nbsp;&raquo;center right&nbsp;&raquo;]<div class=\"vcex-spacing wpex-w-100 wpex-clear\" style=\"height:200px;\"><\/div>[vc_column_text css_animation=&nbsp;&raquo;fadeIn&nbsp;&raquo; align=&nbsp;&raquo;left&nbsp;&raquo; css=&nbsp;&raquo;.vc_custom_1738066262395{padding-top: 50px !important;padding-right: 30px !important;padding-bottom: 50px !important;padding-left: 57px !important;background-color: rgba(255,255,255,0.84) !important;*background-color: rgb(255,255,255) !important;border-color: #f5b335 !important;}&nbsp;&raquo; width=&nbsp;&raquo;750px&nbsp;&raquo; color=&nbsp;&raquo;#393939&Prime; font_size=&nbsp;&raquo;d:6xl|pp:34px&nbsp;&raquo; line_height=&nbsp;&raquo;tight&nbsp;&raquo; font_weight=&nbsp;&raquo;600&Prime;]Nous allons au-del&agrave;<br>\npour atteindre vos objectifs[\/vc_column_text]<style>.vcex-button.vcex_69e20c362e300{background:#f5b335;color:#393939!important;width:750px;padding-block:20px;font-size:var(--wpex-text-2xl);font-weight:600;}<\/style><div class=\"theme-button-wrap theme-button-block-wrap wpex-block wpex-clear\"><a href=\"#our-services\" class=\"vcex-button theme-button block  wpb_animate_when_almost_visible wpb_fadeIn fadeIn wpex-flex-shrink-0 hidden-phone wpex-lightbox vcex_69e20c362e300\" data-type=\"inline\"><span class=\"vcex-button-inner theme-button-inner wpex-flex wpex-flex-wrap wpex-items-center wpex-justify-center\"><span class=\"wpex-pl-40\">Nos services &gt;<\/span><\/span><\/a><\/div> <style>.vcex-button.vcex_69e20c362fb6d{background:#f5b335;color:#393939!important;width:750px;padding-block:20px;font-size:var(--wpex-text-2xl);font-weight:600;}<\/style><div class=\"theme-button-wrap theme-button-block-wrap wpex-block wpex-clear\"><a href=\"#our-services\" class=\"vcex-button theme-button block  wpb_animate_when_almost_visible wpb_fadeInLeft fadeInLeft wpex-flex-shrink-0 visible-phone wpex-lightbox vcex_69e20c362fb6d\" data-type=\"inline\"><span class=\"vcex-button-inner theme-button-inner wpex-flex wpex-flex-wrap wpex-items-center wpex-justify-center\"><span class=\"wpex-pl-30\">Nos services &gt;<\/span><\/span><\/a><\/div> <div class=\"vcex-spacing wpex-w-100 wpex-clear\" style=\"height:200px;\"><\/div>[\/vc_column][\/vc_row][vc_row column_spacing=&nbsp;&raquo;0px&nbsp;&raquo; remove_bottom_col_margin=&nbsp;&raquo;true&nbsp;&raquo; visibility=&nbsp;&raquo;hidden&nbsp;&raquo; el_id=&nbsp;&raquo;our-services&nbsp;&raquo;][vc_column css_animation=&nbsp;&raquo;fadeInUp&nbsp;&raquo;]<div class=\"vcex-shortcode wpex-clr\"><div class=\"wpex-template-shortcode\"><style type=\"text\/css\" data-type=\"vc_shortcodes-custom-css\">.vc_custom_1738325566191{border-bottom-width: 40px !important;background-color: #FFFFFF !important;border-bottom-style: solid !important;border-color: #F5B335 !important;}.vc_custom_1738325553864{border-bottom-width: 1px !important;border-bottom-style: solid !important;border-color: #3939396E !important;}.vc_custom_1737977077386{border-bottom-width: 1px !important;padding-top: 40px !important;padding-right: 40px !important;padding-left: 40px !important;border-bottom-style: solid !important;border-color: #3939396E !important;}.vc_custom_1737977058950{border-bottom-width: 1px !important;padding-top: 25px !important;padding-right: 40px !important;padding-left: 40px !important;border-bottom-style: solid !important;border-color: #3939396E !important;}.vc_custom_1737977037153{border-bottom-width: 1px !important;padding-top: 25px !important;padding-right: 40px !important;padding-left: 40px !important;border-bottom-style: solid !important;border-color: #3939396E !important;}.vc_custom_1737977015032{border-bottom-width: 1px !important;padding-top: 25px !important;padding-right: 40px !important;padding-left: 40px !important;border-bottom-style: solid !important;border-color: #3939396E !important;}.vc_custom_1737977311294{border-bottom-width: 1px !important;padding-top: 25px !important;padding-right: 40px !important;padding-left: 40px !important;border-bottom-style: solid !important;border-color: #3939396E !important;}.vc_custom_1737976982890{border-bottom-width: 1px !important;padding-top: 25px !important;padding-right: 40px !important;padding-left: 40px !important;border-bottom-style: solid !important;border-color: #3939396E !important;}.vc_custom_1736760954154{border-bottom-width: 1px !important;padding-top: 25px !important;padding-right: 40px !important;padding-left: 40px !important;border-bottom-style: solid !important;border-color: #3939396E !important;}.vc_custom_1737977300425{border-bottom-width: 50px !important;padding-top: 25px !important;padding-right: 40px !important;padding-left: 40px !important;border-bottom-style: solid !important;border-color: #F5B335 !important;}<\/style><div id=\"our-services\" class=\"vc_row wpb_row vc_row-fluid vc_custom_1738325566191 wpex-relative wpex-vc-has-custom-column-spacing wpex-vc-column-spacing-0px wpex-vc_row-has-fill no-bottom-margins wpex-vc-reset-negative-margin\"><div class=\"wpb_column wpb_animate_when_almost_visible wpb_fadeInUp fadeInUp vc_column_container vc_col-sm-12\"><div class=\"vc_column-inner\"><div class=\"wpb_wrapper\"><div class=\"vc_empty_space\" style=\"height: 32px\"><span class=\"vc_empty_space_inner\"><\/span><\/div><style>.vcex-navbar.vcex_69e20c3634a0f a.vcex-navbar-link{padding:20px;}.vcex-navbar.vcex_69e20c3634a0f a.vcex-navbar-link:is(:hover,.active){color:#f5b335;background:#898989;}.vcex-navbar.vcex_69e20c3634a0f{font-size:15px;}<\/style><nav class=\"vcex-navbar vcex-navbar--expanded vcex-module wpex-mb-0 vcex_69e20c3634a0f\"><div class=\"vcex-navbar-inner wpex-clr\"><a href=\"https:\/\/allianceadvisors.com\/shareholder-engagement-solicitation\/\" class=\"vcex-navbar-link vcex-navbar-link--30918 wpex-block wpex-float-left theme-button flat white expanded wpex-text-1em has-bg-hover vc_custom_1738325553864\"><span class=\"vcex-navbar-link-text\">Shareholder Meeting Advisory &amp; Shareholder Engagement<\/span><\/a><a href=\"https:\/\/allianceadvisors.com\/fund-solutions\/\" class=\"vcex-navbar-link vcex-navbar-link--63247 wpex-block wpex-float-left theme-button flat white expanded wpex-text-1em has-bg-hover vc_custom_1738325553864\"><span class=\"vcex-navbar-link-text\">Fund Solutions<\/span><\/a><a href=\"https:\/\/allianceadvisors.com\/compensation-governance-advisory\/\" class=\"vcex-navbar-link vcex-navbar-link--31049 wpex-block wpex-float-left theme-button flat white expanded wpex-text-1em has-bg-hover vc_custom_1738325553864\"><span class=\"vcex-navbar-link-text\">Compensation, Governance &amp; Sustainability Advisory<\/span><\/a><a href=\"https:\/\/allianceadvisors.com\/ma-activism-special-situations\/\" class=\"vcex-navbar-link vcex-navbar-link--31447 wpex-block wpex-float-left theme-button flat white expanded wpex-text-1em has-bg-hover vc_custom_1738325553864\"><span class=\"vcex-navbar-link-text\">M&amp;A, Activism &amp; Special Situations<\/span><\/a><a href=\"https:\/\/allianceadvisors.com\/proxy-logistics\/\" class=\"vcex-navbar-link vcex-navbar-link--31068 wpex-block wpex-float-left theme-button flat white expanded wpex-text-1em has-bg-hover vc_custom_1738325553864\"><span class=\"vcex-navbar-link-text\">Proxy Logistics &amp; Virtual Shareholder Meetings<\/span><\/a><a href=\"https:\/\/allianceadvisors.com\/stock-surveillance\/\" class=\"vcex-navbar-link vcex-navbar-link--30925 wpex-block wpex-float-left theme-button flat white expanded wpex-text-1em has-bg-hover vc_custom_1738325553864\"><span class=\"vcex-navbar-link-text\">Stock Surveillance<\/span><\/a><a href=\"https:\/\/allianceadvisorsir.com\/\" class=\"vcex-navbar-link vcex-navbar-link--52243 wpex-block wpex-float-left theme-button flat white expanded wpex-text-1em has-bg-hover vc_custom_1738325553864\" target=\"_blank\" rel=\"noopener\"><span class=\"vcex-navbar-link-text\">Investor Relations<\/span><\/a><a href=\"https:\/\/allianceadvisors.com\/retail-engagement\/\" class=\"vcex-navbar-link vcex-navbar-link--30920 wpex-block wpex-float-left theme-button flat white expanded wpex-text-1em has-bg-hover vc_custom_1738325553864\"><span class=\"vcex-navbar-link-text\">Retail Engagement<\/span><\/a><a href=\"https:\/\/allianceadvisors.com\/invictus\/\" class=\"vcex-navbar-link vcex-navbar-link--32465 wpex-block wpex-float-left theme-button flat white expanded wpex-text-1em has-bg-hover vc_custom_1738325553864\"><span class=\"vcex-navbar-link-text\">Invictus<\/span><\/a><\/div><\/nav><\/div><\/div><\/div><\/div>\n<\/div><\/div>[\/vc_column][\/vc_row][vc_row content_placement=&nbsp;&raquo;middle&nbsp;&raquo; column_spacing=&nbsp;&raquo;0px&nbsp;&raquo; equal_height=&nbsp;&raquo;yes&nbsp;&raquo; remove_bottom_col_margin=&nbsp;&raquo;true&nbsp;&raquo;][vc_column]<div class=\"vcex-spacing wpex-w-100 wpex-clear\" style=\"height:50px;\"><\/div>[vc_column_text css_animation=&nbsp;&raquo;fadeInUp&nbsp;&raquo; css=&nbsp;&raquo;.vc_custom_1738315042038{background-position: center !important;background-repeat: no-repeat !important;background-size: cover !important;}&nbsp;&raquo; font_size=&nbsp;&raquo;d:lg|pp:20px&nbsp;&raquo; text_align=&nbsp;&raquo;center&nbsp;&raquo; width=&nbsp;&raquo;900px&nbsp;&raquo;]Alliance Advisors est une soci&eacute;t&eacute; de conseil ind&eacute;pendante ax&eacute;e sur l&rsquo;engagement et la sollicitation des actionnaires, la r&eacute;mun&eacute;ration, la gouvernance et le conseil en durabilit&eacute;, les fusions et acquisitions &ndash; activisme, l&rsquo;intelligence sur l&rsquo;actionnariat des investisseurs, les relations avec les investisseurs, la logistique des procurations et les strat&eacute;gies de sensibilisation du commerce de d&eacute;tail.\n<p>Nous avons une client&egrave;le de longue date de plus de 1000 soci&eacute;t&eacute;s publiques actives dans un &eacute;ventail de secteurs et de capitalisations boursi&egrave;res. Notre si&egrave;ge social est situ&eacute; aux &Eacute;tats-Unis et nous travaillons ensemble comme une seule &eacute;quipe, dans le monde entier et dans plusieurs endroits.<\/p>\n<p>Nous allons au-del&agrave; de la norme pour &eacute;laborer et mettre en &oelig;uvre des strat&eacute;gies audacieuses et ax&eacute;es sur le client, ce qui se traduit par des r&eacute;sultats gagnants.<\/p>\n<div class=\"vcex-spacing wpex-w-100 wpex-clear\" style=\"height:60px;\"><\/div>[\/vc_column_text][\/vc_column][\/vc_row][vc_row css_animation=&nbsp;&raquo;fadeInUp&nbsp;&raquo; full_width=&nbsp;&raquo;stretch_row&nbsp;&raquo; content_placement=&nbsp;&raquo;bottom&nbsp;&raquo; equal_height=&nbsp;&raquo;yes&nbsp;&raquo; css=&nbsp;&raquo;.vc_custom_1736518058938{background-image: url(https:\/\/allianceadvisors.com\/wp-content\/uploads\/2025\/01\/iStock-468773032-homepage-2.jpg?id=53421) !important;background-position: center !important;background-repeat: no-repeat !important;background-size: cover !important;}&nbsp;&raquo; wpex_bg_position=&nbsp;&raquo;center bottom&nbsp;&raquo; min_height=&nbsp;&raquo;750px&nbsp;&raquo;][vc_column css_animation=&nbsp;&raquo;fadeIn&nbsp;&raquo;]<div class=\"vcex-shortcode wpex-clr wpex-mb-15\"><div id=\"flipbox-widget-30266\" class=\"cfb_wrapper layout-5 flex-row\" data-flipboxid=\"flipbox-widget-30266\" data-bootstrap-status=\"enable\" data-fontawesome-icons=\"enable\"><div class=\"flex-col-md-3 cfb-box-1 cfb-box-wrapper\">\n                        <div class=\"flipbox-container cfb-layout-5 cfb-flip cfb-hover\" data-effect=\"y\" data-height=\"equal\">\n                            <div class=\"flipbox-front-layout flipbox-front-filled cfb-data\" style=\"background:#ffffff\"><div class=\"flipbox-front-description\">\n                                <h4>Clients First<\/h4>\n                                <p><\/p>\n                            <\/div>\n                            <\/div>\n                            <div class=\"flipbox-back-layout cfb-data\" style=\"background:#ffffff\">\n                                <p>We believe in putting our clients first.  We share a collective goal to deliver winning outcomes for them.<\/p><\/div>\n                        <\/div>\n                    <\/div><div class=\"flex-col-md-3 cfb-box-2 cfb-box-wrapper\">\n                        <div class=\"flipbox-container cfb-layout-5 cfb-flip cfb-hover\" data-effect=\"y\" data-height=\"equal\">\n                            <div class=\"flipbox-front-layout flipbox-front-filled cfb-data\" style=\"background:#ffffff\"><div class=\"flipbox-front-description\">\n                                <h4>Specialists<\/h4>\n                                <p><\/p>\n                            <\/div>\n                            <\/div>\n                            <div class=\"flipbox-back-layout cfb-data\" style=\"background:#ffffff\">\n                                <p>We are a team of specialists with deep know-how and experience. We come from all parts of the financial service industry.<\/p><\/div>\n                        <\/div>\n                    <\/div><div class=\"flex-col-md-3 cfb-box-3 cfb-box-wrapper\">\n                        <div class=\"flipbox-container cfb-layout-5 cfb-flip cfb-hover\" data-effect=\"y\" data-height=\"equal\">\n                            <div class=\"flipbox-front-layout flipbox-front-filled cfb-data\" style=\"background:#ffffff\"><div class=\"flipbox-front-description\">\n                                <h4>Worldwide<\/h4>\n                                <p><\/p>\n                            <\/div>\n                            <\/div>\n                            <div class=\"flipbox-back-layout cfb-data\" style=\"background:#ffffff\">\n                                <p>Our headquarters are in the US.  We work as one team around the world in different locations.<\/p><\/div>\n                        <\/div>\n                    <\/div><div class=\"flex-col-md-3 cfb-box-4 cfb-box-wrapper\">\n                        <div class=\"flipbox-container cfb-layout-5 cfb-flip cfb-hover\" data-effect=\"y\" data-height=\"equal\">\n                            <div class=\"flipbox-front-layout flipbox-front-filled cfb-data\" style=\"background:#ffffff\"><div class=\"flipbox-front-description\">\n                                <h4>1200+ clients<\/h4>\n                                <p><\/p>\n                            <\/div>\n                            <\/div>\n                            <div class=\"flipbox-back-layout cfb-data\" style=\"background:#ffffff\">\n                                <p>We are an independent employee-owned firm with over 1200+ clients ranging in size from large cap to small cap public companies.\r\n<\/p><\/div>\n                        <\/div>\n                    <\/div><\/div><\/div>[\/vc_column][\/vc_row][vc_section css_animation=&nbsp;&raquo;none&nbsp;&raquo; full_width=&nbsp;&raquo;stretch_row_content&nbsp;&raquo; css=&nbsp;&raquo;.vc_custom_1736519238153{background-color: #F3F3F3 !important;}&nbsp;&raquo;][vc_row css_animation=&nbsp;&raquo;none&nbsp;&raquo; full_width=&nbsp;&raquo;stretch_row&nbsp;&raquo; column_spacing=&nbsp;&raquo;0px&nbsp;&raquo; remove_bottom_col_margin=&nbsp;&raquo;true&nbsp;&raquo; css=&nbsp;&raquo;.vc_custom_1736518191767{padding-top: 50px !important;padding-bottom: 80px !important;background-position: center !important;background-repeat: no-repeat !important;background-size: cover !important;}&nbsp;&raquo;][vc_column][vc_column_text css=&nbsp;&raquo;.vc_custom_1736518134148{padding-bottom: 40px !important;background-position: center !important;background-repeat: no-repeat !important;background-size: cover !important;}&nbsp;&raquo; font_size=&nbsp;&raquo;4xl&nbsp;&raquo; line_height=&nbsp;&raquo;tight&nbsp;&raquo; text_align=&nbsp;&raquo;center&nbsp;&raquo; font_weight=&nbsp;&raquo;semibold&nbsp;&raquo; color=&nbsp;&raquo;#393939&Prime;]Notre promesse[\/vc_column_text][vc_column_text css=&nbsp;&raquo;&nbsp;&raquo; text_align=&nbsp;&raquo;center&nbsp;&raquo; width=&nbsp;&raquo;800px&nbsp;&raquo; font_size=&nbsp;&raquo;d:lg|pp:lg&nbsp;&raquo; line_height=&nbsp;&raquo;normal&nbsp;&raquo; color=&nbsp;&raquo;#393939&Prime;]We know what makes the difference between performing and excelling, between losing and winning, between cautious advice and bold strategies, and we are ready to take on new challenges when the opportunities arise.\n<p>We are driven by a desire to <span style=\"font-weight: 500;\">Go Beyond <\/span>in our quest to deliver for our clients on every single assignment.[\/vc_column_text][\/vc_column][\/vc_row][\/vc_section]\n<\/p><\/div>","protected":false},"excerpt":{"rendered":"Nous allons au-del\u00e0 pour atteindre vos objectifs Nos services &gt; Nos services &gt; Shareholder Meeting Advisory &#038; Shareholder EngagementFund SolutionsCompensation, Governance &#038; Sustainability AdvisoryM&#038;A, Activism &#038; Special SituationsProxy Logistics &#038; Virtual Shareholder MeetingsStock SurveillanceInvestor RelationsRetail EngagementInvictus Alliance Advisors est une soci\u00e9t\u00e9 de conseil ind\u00e9pendante ax\u00e9e sur l'engagement et la sollicitation des actionnaires, la r\u00e9mun\u00e9ration, la&hellip;","protected":false},"author":9,"featured_media":54521,"parent":0,"menu_order":0,"comment_status":"closed","ping_status":"closed","template":"","meta":{"footnotes":""},"class_list":["post-36463","page","type-page","status-publish","has-post-thumbnail","hentry","entry","has-media"],"_links":{"self":[{"href":"https:\/\/allianceadvisors.com\/fr\/wp-json\/wp\/v2\/pages\/36463","targetHints":{"allow":["GET"]}}],"collection":[{"href":"https:\/\/allianceadvisors.com\/fr\/wp-json\/wp\/v2\/pages"}],"about":[{"href":"https:\/\/allianceadvisors.com\/fr\/wp-json\/wp\/v2\/types\/page"}],"author":[{"embeddable":true,"href":"https:\/\/allianceadvisors.com\/fr\/wp-json\/wp\/v2\/users\/9"}],"replies":[{"embeddable":true,"href":"https:\/\/allianceadvisors.com\/fr\/wp-json\/wp\/v2\/comments?post=36463"}],"version-history":[{"count":27,"href":"https:\/\/allianceadvisors.com\/fr\/wp-json\/wp\/v2\/pages\/36463\/revisions"}],"predecessor-version":[{"id":54726,"href":"https:\/\/allianceadvisors.com\/fr\/wp-json\/wp\/v2\/pages\/36463\/revisions\/54726"}],"wp:featuredmedia":[{"embeddable":true,"href":"https:\/\/allianceadvisors.com\/fr\/wp-json\/wp\/v2\/media\/54521"}],"wp:attachment":[{"href":"https:\/\/allianceadvisors.com\/fr\/wp-json\/wp\/v2\/media?parent=36463"}],"curies":[{"name":"wp","href":"https:\/\/api.w.org\/{rel}","templated":true}]}}