{"id":36445,"date":"2023-03-22T10:37:31","date_gmt":"2023-03-22T14:37:31","guid":{"rendered":"https:\/\/allianceadvisors.com\/logistique-en-matiere-de-procurations-et-assemblees-dactionnaires-virtuelles\/"},"modified":"2025-02-04T07:16:53","modified_gmt":"2025-02-04T12:16:53","slug":"logistique-en-matiere-de-procurations-et-assemblees-dactionnaires-virtuelles","status":"publish","type":"page","link":"https:\/\/allianceadvisors.com\/fr\/logistique-en-matiere-de-procurations-et-assemblees-dactionnaires-virtuelles\/","title":{"rendered":"Logistique en mati\u00e8re de procurations et assembl\u00e9es d\u2019actionnaires virtuelles"},"content":{"rendered":"<div class=\"wpb-content-wrapper\">[vc_section css_animation=&nbsp;&raquo;fadeIn&nbsp;&raquo; local_scroll_id=&nbsp;&raquo;shareholder-engagement-solicitation&nbsp;&raquo;][vc_row column_spacing=&nbsp;&raquo;0px&nbsp;&raquo; remove_bottom_col_margin=&nbsp;&raquo;true&nbsp;&raquo; css=&nbsp;&raquo;.vc_custom_1736852909596{padding-top: 40px !important;padding-right: 40px !important;padding-bottom: 40px !important;padding-left: 40px !important;background-color: #FFFFFF !important;}&nbsp;&raquo; max_width_custom=&nbsp;&raquo;980px&nbsp;&raquo;][vc_column]<style>.vcex-heading.vcex_69d66d76a485d{color:var(--wpex-accent);font-size:var(--wpex-text-4xl);font-weight:600;}<\/style><div class=\"vcex-heading vcex-heading-plain vcex-module wpex-heading wpex-text-2xl wpex-mb-40 vcex_69d66d76a485d\"><span class=\"vcex-heading-inner wpex-inline-block\">Logistique Des Procurations<\/span><\/div>[vc_column_text css=&nbsp;&raquo;.vc_custom_1738671301932{padding-bottom: 12px !important;}&nbsp;&raquo; font_size=&nbsp;&raquo;lg&nbsp;&raquo; text_transform=&nbsp;&raquo;uppercase&nbsp;&raquo; color=&nbsp;&raquo;#df261c&nbsp;&raquo; font_weight=&nbsp;&raquo;500&Prime;]Ce que nous faisons[\/vc_column_text][vc_column_text css=&nbsp;&raquo;&nbsp;&raquo; color=&nbsp;&raquo;accent&nbsp;&raquo; line_height=&nbsp;&raquo;snug&nbsp;&raquo; el_class=&nbsp;&raquo;g24-bullets&nbsp;&raquo;]Le groupe de logistique des procurations d&rsquo;Alliance Advisors offre aux clients une solution unique pour g&eacute;rer tous les aspects de vos obligations et t&acirc;ches n&eacute;cessaires &agrave; la tenue d&rsquo;une assembl&eacute;e des actionnaires.\n<ul>\n<li>Notre solution unique &eacute;limine le besoin pour nos clients de coordonner la planification et la production avec leur agent de transfert, DTC, imprimeurs financiers, transporteurs, soci&eacute;t&eacute;s d&rsquo;h&eacute;bergement web, centres de courrier et de distribution et les divers interm&eacute;diaires de procuration pour leurs assembl&eacute;es d&rsquo;actionnaires.<\/li>\n<li>Avec des centaines de clients corporatifs servis annuellement, nos experts en logistique des procurations prendront en charge la gestion de ce processus de bout en bout, de l&rsquo;impression et l&rsquo;envoi jusqu&rsquo;au d&eacute;pouillement des votes et l&rsquo;inspection des &eacute;lections pour les assembl&eacute;es annuelles, sp&eacute;ciales et contest&eacute;es.<\/li>\n<li>Nos clients, grands et petits, utilisent notre mod&egrave;le cl&eacute; en main pour s&rsquo;assurer que toutes les proc&eacute;dures sont correctement ex&eacute;cut&eacute;es, que tous les d&eacute;lais sont respect&eacute;s et que l&rsquo;ensemble du processus de procuration est g&eacute;r&eacute; professionnellement dans une optique d&rsquo;efficacit&eacute; financi&egrave;re.<\/li>\n<\/ul>\n[\/vc_column_text][\/vc_column][\/vc_row][vc_row column_spacing=&nbsp;&raquo;0px&nbsp;&raquo; max_width_custom=&nbsp;&raquo;980px&nbsp;&raquo;][vc_column][vc_column_text css=&nbsp;&raquo;.vc_custom_1738671261737{padding-top: 15px !important;padding-bottom: 15px !important;padding-left: 40px !important;background-color: #393939 !important;}&nbsp;&raquo; font_size=&nbsp;&raquo;lg&nbsp;&raquo; font_weight=&nbsp;&raquo;semibold&nbsp;&raquo; color=&nbsp;&raquo;#ffffff&nbsp;&raquo;]<a href=\"https:\/\/allianceadvisors.com\/fr\/transactions-categories\/proxy-logistics-virtual-shareholder-meetings-fr\/\">Voir les transactions &gt;<\/a>[\/vc_column_text][\/vc_column][\/vc_row][\/vc_section][vc_row][vc_column]<div class=\"vcex-spacing wpex-w-100 wpex-clear\" style=\"height:45px;\"><\/div>[\/vc_column][\/vc_row][vc_section css_animation=&nbsp;&raquo;fadeIn&nbsp;&raquo; local_scroll_id=&nbsp;&raquo;shareholder-engagement-solicitation&nbsp;&raquo;][vc_row column_spacing=&nbsp;&raquo;0px&nbsp;&raquo; remove_bottom_col_margin=&nbsp;&raquo;true&nbsp;&raquo; css=&nbsp;&raquo;.vc_custom_1736852927643{padding-top: 40px !important;padding-right: 40px !important;padding-bottom: 40px !important;padding-left: 40px !important;background-color: #FFFFFF !important;}&nbsp;&raquo; max_width_custom=&nbsp;&raquo;980px&nbsp;&raquo;][vc_column]<style>.vcex-heading.vcex_69d66d76a59ed{color:var(--wpex-accent);font-size:var(--wpex-text-4xl);font-weight:600;line-height:var(--wpex-leading-snug);}<\/style><div class=\"vcex-heading vcex-heading-plain vcex-module wpex-heading wpex-text-2xl wpex-mb-40 vcex_69d66d76a59ed\"><span class=\"vcex-heading-inner wpex-inline-block\">Assembl&eacute;es Virtuelles Des Actionnaires<\/span><\/div>[vc_column_text css=&nbsp;&raquo;.vc_custom_1738671295296{padding-bottom: 12px !important;}&nbsp;&raquo; font_size=&nbsp;&raquo;lg&nbsp;&raquo; text_transform=&nbsp;&raquo;uppercase&nbsp;&raquo; color=&nbsp;&raquo;#df261c&nbsp;&raquo; font_weight=&nbsp;&raquo;500&Prime;]Ce que nous faisons[\/vc_column_text][vc_column_text css=&nbsp;&raquo;&nbsp;&raquo; color=&nbsp;&raquo;accent&nbsp;&raquo; line_height=&nbsp;&raquo;snug&nbsp;&raquo; el_class=&nbsp;&raquo;g24-bullets&nbsp;&raquo;]Alliance Advisors offre une solution pratique et efficace pour les entreprises qui souhaitent organiser une assembl&eacute;e virtuelle ou hybride des actionnaires.\n<p>Notre service comprend :<\/p>\n<ul>\n<li>Protocole de v&eacute;rification des actionnaires.<\/li>\n<li>Mat&eacute;riel de pr&eacute;sentation de r&eacute;union et image de marque.<\/li>\n<li>Privil&egrave;ges administratifs pour les membres du conseil d&rsquo;administration.<\/li>\n<li>Capacit&eacute;s de vote s&eacute;curis&eacute; le jour de l&rsquo;assembl&eacute;e pour les d&eacute;tenteurs b&eacute;n&eacute;ficiaires et enregistr&eacute;s.<\/li>\n<li>Fonctionnalit&eacute;s de questions-r&eacute;ponses pour les actionnaires.<\/li>\n<li>Fichier de rediffusion de la r&eacute;union pour le site web de votre entreprise.<\/li>\n<\/ul>\n[\/vc_column_text][\/vc_column][\/vc_row][vc_row column_spacing=&nbsp;&raquo;0px&nbsp;&raquo; max_width_custom=&nbsp;&raquo;980px&nbsp;&raquo;][vc_column][vc_column_text css=&nbsp;&raquo;.vc_custom_1738671271499{padding-top: 15px !important;padding-bottom: 15px !important;padding-left: 40px !important;background-color: #393939 !important;}&nbsp;&raquo; font_size=&nbsp;&raquo;lg&nbsp;&raquo; font_weight=&nbsp;&raquo;semibold&nbsp;&raquo; color=&nbsp;&raquo;#ffffff&nbsp;&raquo;]<a href=\"https:\/\/allianceadvisors.com\/fr\/transactions-categories\/proxy-logistics-virtual-shareholder-meetings-fr\/\">Voir les transactions &gt;<\/a>[\/vc_column_text][\/vc_column][\/vc_row][\/vc_section]\n<\/div>","protected":false},"excerpt":{"rendered":"<p>[vc_section css_animation=\u00a0\u00bbfadeIn\u00a0\u00bb local_scroll_id=\u00a0\u00bbshareholder-engagement-solicitation\u00a0\u00bb][vc_row column_spacing=\u00a0\u00bb0px\u00a0\u00bb remove_bottom_col_margin=\u00a0\u00bbtrue\u00a0\u00bb css=\u00a0\u00bb.vc_custom_1736852909596{padding-top: 40px !important;padding-right: 40px !important;padding-bottom: 40px !important;padding-left: 40px !important;background-color: #FFFFFF !important;}\u00a0\u00bb max_width_custom=\u00a0\u00bb980px\u00a0\u00bb][vc_column][vc_column_text css=\u00a0\u00bb.vc_custom_1738671301932{padding-bottom: 12px !important;}\u00a0\u00bb font_size=\u00a0\u00bblg\u00a0\u00bb text_transform=\u00a0\u00bbuppercase\u00a0\u00bb color=\u00a0\u00bb#df261c\u00a0\u00bb font_weight=\u00a0\u00bb500&Prime;]Ce que nous faisons[\/vc_column_text][vc_column_text css=\u00a0\u00bb\u00a0\u00bb color=\u00a0\u00bbaccent\u00a0\u00bb line_height=\u00a0\u00bbsnug\u00a0\u00bb el_class=\u00a0\u00bbg24-bullets\u00a0\u00bb]Le groupe de logistique des procurations d\u2019Alliance Advisors offre aux clients une solution unique pour g\u00e9rer tous les aspects de vos obligations et t\u00e2ches n\u00e9cessaires&hellip;<\/p>\n","protected":false},"author":9,"featured_media":64794,"parent":0,"menu_order":0,"comment_status":"closed","ping_status":"closed","template":"","meta":{"footnotes":""},"class_list":["post-36445","page","type-page","status-publish","has-post-thumbnail","hentry","entry","has-media"],"_links":{"self":[{"href":"https:\/\/allianceadvisors.com\/fr\/wp-json\/wp\/v2\/pages\/36445","targetHints":{"allow":["GET"]}}],"collection":[{"href":"https:\/\/allianceadvisors.com\/fr\/wp-json\/wp\/v2\/pages"}],"about":[{"href":"https:\/\/allianceadvisors.com\/fr\/wp-json\/wp\/v2\/types\/page"}],"author":[{"embeddable":true,"href":"https:\/\/allianceadvisors.com\/fr\/wp-json\/wp\/v2\/users\/9"}],"replies":[{"embeddable":true,"href":"https:\/\/allianceadvisors.com\/fr\/wp-json\/wp\/v2\/comments?post=36445"}],"version-history":[{"count":4,"href":"https:\/\/allianceadvisors.com\/fr\/wp-json\/wp\/v2\/pages\/36445\/revisions"}],"predecessor-version":[{"id":54988,"href":"https:\/\/allianceadvisors.com\/fr\/wp-json\/wp\/v2\/pages\/36445\/revisions\/54988"}],"wp:featuredmedia":[{"embeddable":true,"href":"https:\/\/allianceadvisors.com\/fr\/wp-json\/wp\/v2\/media\/64794"}],"wp:attachment":[{"href":"https:\/\/allianceadvisors.com\/fr\/wp-json\/wp\/v2\/media?parent=36445"}],"curies":[{"name":"wp","href":"https:\/\/api.w.org\/{rel}","templated":true}]}}