{"id":36364,"date":"2023-03-17T11:53:53","date_gmt":"2023-03-17T15:53:53","guid":{"rendered":"https:\/\/allianceadvisors.com\/communication-avec-les-investisseurs-individuels\/"},"modified":"2025-07-15T09:27:20","modified_gmt":"2025-07-15T13:27:20","slug":"engagement-dans-le-commerce-de-detail","status":"publish","type":"page","link":"https:\/\/allianceadvisors.com\/fr\/engagement-dans-le-commerce-de-detail\/","title":{"rendered":"Engagement dans le commerce de d\u00e9tail"},"content":{"rendered":"<div class=\"wpb-content-wrapper\">[vc_section css_animation=&nbsp;&raquo;fadeIn&nbsp;&raquo; local_scroll_id=&nbsp;&raquo;shareholder-engagement-solicitation&nbsp;&raquo;][vc_row column_spacing=&nbsp;&raquo;0px&nbsp;&raquo; remove_bottom_col_margin=&nbsp;&raquo;true&nbsp;&raquo; css=&nbsp;&raquo;.vc_custom_1736852909596{padding-top: 40px !important;padding-right: 40px !important;padding-bottom: 40px !important;padding-left: 40px !important;background-color: #FFFFFF !important;}&nbsp;&raquo; max_width_custom=&nbsp;&raquo;980px&nbsp;&raquo;][vc_column]<style>.vcex-heading.vcex_69ea3c3cbee3f{color:var(--wpex-accent);font-size:var(--wpex-text-4xl);font-weight:600;text-transform:capitalize;}<\/style><div class=\"vcex-heading vcex-heading-plain vcex-module wpex-heading wpex-text-2xl wpex-mb-40 vcex_69ea3c3cbee3f\"><span class=\"vcex-heading-inner wpex-inline-block\">Alliance Advisors propose une gamme compl&egrave;te de strat&eacute;gies de sensibilisation des particuliers<\/span><\/div>[vc_column_text css=&nbsp;&raquo;.vc_custom_1738164408782{padding-bottom: 12px !important;}&nbsp;&raquo; font_size=&nbsp;&raquo;lg&nbsp;&raquo; text_transform=&nbsp;&raquo;uppercase&nbsp;&raquo; color=&nbsp;&raquo;#df261c&nbsp;&raquo; font_weight=&nbsp;&raquo;500&Prime;]Ce que nous faisons[\/vc_column_text][vc_column_text css=&nbsp;&raquo;&nbsp;&raquo; color=&nbsp;&raquo;accent&nbsp;&raquo; line_height=&nbsp;&raquo;snug&nbsp;&raquo; el_class=&nbsp;&raquo;g24-bullets&nbsp;&raquo;]Chaque ann&eacute;e, Alliance Advisors touche des millions d&rsquo;actionnaires par le biais de diverses strat&eacute;gies de sollicitation afin de g&eacute;n&eacute;rer une participation au vote lors des assembl&eacute;es annuelles et extraordinaires. Nos campagnes sont men&eacute;es aupr&egrave;s d&rsquo;un large &eacute;ventail de profils d&rsquo;actionnaires individuels pour des soci&eacute;t&eacute;s cot&eacute;es en bourse, des fonds ouverts, des fonds ferm&eacute;s, des ETF, des fonds de placement immobilier et des BDC.\n<p>Nous abordons vos actionnaires avec le plus grand professionnalisme. En combinant les outils technologiques les plus r&eacute;cents avec un niveau &eacute;lev&eacute; de contact humain, Alliance Advisors dispose de l&rsquo;expertise et de l&rsquo;infrastructure n&eacute;cessaires pour s&rsquo;engager avec les actionnaires de d&eacute;tail et obtenir des votes favorables pour le conseil d&rsquo;administration.<\/p>\n<p><strong>Notre plateforme<\/strong><\/p>\n<p>Chez Alliance Advisors, nous disposons des ressources et de l&rsquo;engagement n&eacute;cessaires pour obtenir des r&eacute;sultats probants en mati&egrave;re de vote. Notre plateforme virtuelle s&eacute;curis&eacute;e permet une expansion illimit&eacute;e des agents. Gr&acirc;ce &agrave; cette plateforme, les probl&egrave;mes de bande passante ne se posent plus. En plus de la sollicitation par t&eacute;l&eacute;phone, nous proposons des communications par t&eacute;l&eacute;phone portable avec des plateformes Text-to-Vote et Email-to-Vote personnalis&eacute;es con&ccedil;ues pour maximiser les retours de vote.<\/p>\n<p>Notre plateforme comprend les outils de vote suivants :<\/p>\n<ul>\n<li><strong>T&eacute;l&eacute;phone sortant :<\/strong> Notre &laquo;&nbsp;centre d&rsquo;appel&nbsp;&raquo; virtuel bas&eacute; sur le cloud dispose d&rsquo;agents g&eacute;ographiquement dispers&eacute;s pour permettre une gestion maximale des fuseaux horaires. Notre plateforme nous permet d&rsquo;augmenter ou de diminuer la capacit&eacute; de sortie &agrave; volont&eacute;. Nous pouvons fournir des agents entrants et des agents bilingues, si n&eacute;cessaire.<\/li>\n<li><strong>Texte pour voter :<\/strong> Comme de nombreux actionnaires h&eacute;sitent &agrave; r&eacute;pondre &agrave; un appel d&rsquo;un inconnu, nous proposons des services de texte pour voter. Text-to-Vote est un outil efficace de collecte de votes qui nous permet d&rsquo;envoyer un court message contenant un lien vers une page de vote. Les actionnaires au nominatif ou NOBO peuvent voter rapidement et facilement &agrave; partir de leur t&eacute;l&eacute;phone portable.<\/li>\n<li><strong>Vote par courrier &eacute;lectronique :<\/strong> Semblable &agrave; notre option de vote par texte, notre option de vote par courrier &eacute;lectronique envoie un message plus descriptif aux actionnaires enregistr&eacute;s et aux actionnaires sans droit de vote. Ces deux m&eacute;thodes simplifient et rationalisent la participation au vote en quelques clics.<\/li>\n<li><strong>Impression, courrier et tabulation :<\/strong> En plus des efforts de sollicitation, Alliance fournit des rapports de totalisation d&eacute;taill&eacute;s pour toutes les campagnes via l&rsquo;acc&egrave;s &agrave; notre portail num&eacute;rique, Invictus. Invictus fournit des rapports de vote d&eacute;taill&eacute;s en temps r&eacute;el, au niveau ex&eacute;cutif, avec une progression visuelle du vote, ce qui vous permet de suivre en permanence l&rsquo;&eacute;tat d&rsquo;avancement de la campagne.\n<div class=\"vcex-spacing wpex-w-100 wpex-clear\"><\/div>\n<p>Notre solution d&rsquo;impression, de courrier et de distribution &eacute;lectronique nous permet d&rsquo;op&eacute;rer &agrave; grande &eacute;chelle, en g&eacute;rant les envois initiaux et de suivi pour des campagnes impliquant des millions d&rsquo;actionnaires individuels. En outre, nous disposons d&rsquo;une &eacute;quipe de conception interne pour am&eacute;liorer la sollicitation et les communications personnalis&eacute;es, &agrave; la fois sous forme imprim&eacute;e et num&eacute;rique.<\/p><\/li>\n<\/ul>\n[\/vc_column_text][\/vc_column][\/vc_row][vc_row column_spacing=&nbsp;&raquo;0px&nbsp;&raquo; max_width_custom=&nbsp;&raquo;980px&nbsp;&raquo;][vc_column][vc_column_text css=&nbsp;&raquo;.vc_custom_1738164426639{padding-top: 15px !important;padding-bottom: 15px !important;padding-left: 40px !important;background-color: #393939 !important;}&nbsp;&raquo; font_size=&nbsp;&raquo;lg&nbsp;&raquo; font_weight=&nbsp;&raquo;semibold&nbsp;&raquo; color=&nbsp;&raquo;#ffffff&nbsp;&raquo;]<a href=\"https:\/\/allianceadvisors.com\/fr\/transactions-categories\/retail-outreach-fr\/\">Voir les transactions  &gt;<\/a>[\/vc_column_text][\/vc_column][\/vc_row][\/vc_section][vc_section css_animation=&nbsp;&raquo;fadeIn&nbsp;&raquo; local_scroll_id=&nbsp;&raquo;shareholder-engagement-solicitation&nbsp;&raquo; css=&nbsp;&raquo;.vc_custom_1749625605959{padding-top: 60px !important;}&nbsp;&raquo;][vc_row column_spacing=&nbsp;&raquo;0px&nbsp;&raquo; remove_bottom_col_margin=&nbsp;&raquo;true&nbsp;&raquo; css=&nbsp;&raquo;.vc_custom_1736852909596{padding-top: 40px !important;padding-right: 40px !important;padding-bottom: 40px !important;padding-left: 40px !important;background-color: #FFFFFF !important;}&nbsp;&raquo; max_width_custom=&nbsp;&raquo;980px&nbsp;&raquo;][vc_column]<style>.vcex-heading.vcex_69ea3c3cbfe6a{color:var(--wpex-accent);font-size:var(--wpex-text-4xl);font-weight:600;text-transform:capitalize;}<\/style><div class=\"vcex-heading vcex-heading-plain vcex-module wpex-heading wpex-text-2xl wpex-mb-40 vcex_69ea3c3cbfe6a\"><span class=\"vcex-heading-inner wpex-inline-block\">Gestion du programme Odd-Lot<\/span><\/div>[vc_column_text css=&nbsp;&raquo;.vc_custom_1749625676627{padding-bottom: 30px !important;}&nbsp;&raquo; color=&nbsp;&raquo;accent&nbsp;&raquo; line_height=&nbsp;&raquo;snug&nbsp;&raquo; el_class=&nbsp;&raquo;g24-bullets&nbsp;&raquo;]Chez Alliance Advisors, nous g&eacute;rons l&rsquo;ensemble du cycle de vie d&rsquo;un programme Odd-Lot, de la strat&eacute;gie &agrave; l&rsquo;ex&eacute;cution. Notre solution cl&eacute; en main garantit que votre entreprise et vos actionnaires b&eacute;n&eacute;ficient d&rsquo;un processus transparent et professionnel.[\/vc_column_text][vc_column_text css=&nbsp;&raquo;.vc_custom_1749625694093{padding-bottom: 12px !important;}&nbsp;&raquo; font_size=&nbsp;&raquo;lg&nbsp;&raquo; text_transform=&nbsp;&raquo;uppercase&nbsp;&raquo; color=&nbsp;&raquo;#df261c&nbsp;&raquo; font_weight=&nbsp;&raquo;500&Prime;]Nos services comprennent[\/vc_column_text][vc_column_text css=&nbsp;&raquo;&nbsp;&raquo; color=&nbsp;&raquo;accent&nbsp;&raquo; line_height=&nbsp;&raquo;snug&nbsp;&raquo; el_class=&nbsp;&raquo;g24-bullets&nbsp;&raquo;]\n<ul>\n<li><strong>Conception strat&eacute;gique du programme<\/strong><br>\nNous adaptons le programme aux objectifs de votre entreprise, qu&rsquo;il s&rsquo;agisse de la r&eacute;duction des co&ucirc;ts, de la gestion interne de l&rsquo;entreprise ou de l&rsquo;engagement des actionnaires.<\/li>\n<li><strong>Documents d&rsquo;offre personnalis&eacute;s<\/strong><br>\nNous nous chargeons de la cr&eacute;ation et de la distribution de communications personnalis&eacute;es, y compris des lettres, des formulaires et des FAQ, afin de garantir que les actionnaires comprennent clairement l&rsquo;offre et la mani&egrave;re d&rsquo;y participer.<\/li>\n<li><strong>Communication multicanal<\/strong><br>\nNous fournissons une assistance aux actionnaires &agrave; la fois par t&eacute;l&eacute;phone, par courrier &eacute;lectronique et par courrier postal afin de faciliter la t&acirc;che des participants.<\/li>\n<li><strong>Traitement des appels d&rsquo;offres et coordination avec les courtiers<\/strong><br>\nNous supervisons l&rsquo;ensemble du processus en amont, de la r&eacute;ception des appels d&rsquo;offres &agrave; la coordination avec les courtiers et &agrave; l&rsquo;ex&eacute;cution des ventes d&rsquo;actions.<\/li>\n<li><strong>Conformit&eacute; r&eacute;glementaire et rapports<\/strong><br>\nNous veillons &agrave; ce que votre programme Odd-Lot soit conforme &agrave; la r&eacute;glementation applicable en mati&egrave;re de valeurs mobili&egrave;res et fournissons des rapports complets tout au long du programme.<\/li>\n<\/ul>\n[\/vc_column_text][vc_column_text css=&nbsp;&raquo;.vc_custom_1749625806213{padding-top: 30px !important;padding-bottom: 12px !important;}&nbsp;&raquo; font_size=&nbsp;&raquo;lg&nbsp;&raquo; text_transform=&nbsp;&raquo;uppercase&nbsp;&raquo; color=&nbsp;&raquo;#df261c&nbsp;&raquo; font_weight=&nbsp;&raquo;500&Prime;]R&eacute;sultats attendus[\/vc_column_text][vc_column_text css=&nbsp;&raquo;&nbsp;&raquo; color=&nbsp;&raquo;accent&nbsp;&raquo; line_height=&nbsp;&raquo;snug&nbsp;&raquo; el_class=&nbsp;&raquo;g24-bullets&nbsp;&raquo;]La mise en &oelig;uvre d&rsquo;un programme de lots irr&eacute;guliers peut g&eacute;n&eacute;rer des avantages significatifs pour votre entreprise :\n<ul>\n<li><strong>R&eacute;duction des co&ucirc;ts de service aux actionnaires<\/strong><br>\nEn r&eacute;duisant le nombre de comptes qui doivent recevoir des documents, voter par procuration et &ecirc;tre g&eacute;r&eacute;s dans des syst&egrave;mes, les entreprises peuvent &eacute;conomiser des milliers de dollars par an.<\/li>\n<li><strong>Des dossiers d&rsquo;actionnaires plus propres<\/strong><br>\n&Eacute;limine les comptes obsol&egrave;tes ou &agrave; faible activit&eacute;, ce qui permet de rationaliser et d&rsquo;affiner la base d&rsquo;actionnaires.<\/li>\n<li><strong>Am&eacute;lioration de l&rsquo;exp&eacute;rience des actionnaires<\/strong><br>\nLes d&eacute;tenteurs de lots irr&eacute;guliers sont souvent des particuliers qui pr&eacute;f&egrave;rent un moyen simple de vendre leurs actions. Le programme leur offre une sortie pratique, souvent sans commission.<\/li>\n<li><strong>Efficacit&eacute; des procurations<\/strong><br>\nEn r&eacute;duisant le nombre d&rsquo;actionnaires &agrave; contacter pendant la saison des procurations, votre entreprise r&eacute;alise des &eacute;conomies consid&eacute;rables sur les co&ucirc;ts d&rsquo;envoi, de sollicitation et de suivi.<\/li>\n<\/ul>\n[\/vc_column_text][vc_column_text css=&nbsp;&raquo;.vc_custom_1749625880965{padding-top: 30px !important;padding-bottom: 12px !important;}&nbsp;&raquo; font_size=&nbsp;&raquo;lg&nbsp;&raquo; text_transform=&nbsp;&raquo;uppercase&nbsp;&raquo; color=&nbsp;&raquo;#df261c&nbsp;&raquo; font_weight=&nbsp;&raquo;500&Prime;]Pourquoi les entreprises choisissent-elles nos programmes Odd-Lot ?[\/vc_column_text][vc_column_text css=&nbsp;&raquo;&nbsp;&raquo; color=&nbsp;&raquo;accent&nbsp;&raquo; line_height=&nbsp;&raquo;snug&nbsp;&raquo; el_class=&nbsp;&raquo;g24-bullets&nbsp;&raquo;]Nous apportons notre <strong>expertise, notre efficacit&eacute; et notre attention &agrave;<\/strong> chaque programme que nous menons. Que vous cherchiez &agrave; r&eacute;duire les co&ucirc;ts, &agrave; pr&eacute;parer un vote par procuration ou &agrave; nettoyer votre registre d&rsquo;actionnaires, nos services Odd-Lot offrent un retour sur investissement mesurable.\n<p>Laissez-nous vous aider &agrave; rationaliser votre base d&rsquo;actionnaires tout en offrant &agrave; vos investisseurs une solution sans tracas.[\/vc_column_text][\/vc_column][\/vc_row][vc_row column_spacing=&nbsp;&raquo;0px&nbsp;&raquo; disable_element=&nbsp;&raquo;yes&nbsp;&raquo; max_width_custom=&nbsp;&raquo;980px&nbsp;&raquo;][vc_column][vc_column_text css=&nbsp;&raquo;.vc_custom_1738164426639{padding-top: 15px !important;padding-bottom: 15px !important;padding-left: 40px !important;background-color: #393939 !important;}&nbsp;&raquo; font_size=&nbsp;&raquo;lg&nbsp;&raquo; font_weight=&nbsp;&raquo;semibold&nbsp;&raquo; color=&nbsp;&raquo;#ffffff&nbsp;&raquo;]<a href=\"https:\/\/allianceadvisors.com\/fr\/transactions-categories\/retail-outreach-fr\/\">Voir les transactions  &gt;<\/a>[\/vc_column_text][\/vc_column][\/vc_row][\/vc_section]\n<\/p><\/div>","protected":false},"excerpt":{"rendered":"<p>[vc_section css_animation=\u00a0\u00bbfadeIn\u00a0\u00bb local_scroll_id=\u00a0\u00bbshareholder-engagement-solicitation\u00a0\u00bb][vc_row column_spacing=\u00a0\u00bb0px\u00a0\u00bb remove_bottom_col_margin=\u00a0\u00bbtrue\u00a0\u00bb css=\u00a0\u00bb.vc_custom_1736852909596{padding-top: 40px !important;padding-right: 40px !important;padding-bottom: 40px !important;padding-left: 40px !important;background-color: #FFFFFF !important;}\u00a0\u00bb max_width_custom=\u00a0\u00bb980px\u00a0\u00bb][vc_column][vc_column_text css=\u00a0\u00bb.vc_custom_1738164408782{padding-bottom: 12px !important;}\u00a0\u00bb font_size=\u00a0\u00bblg\u00a0\u00bb text_transform=\u00a0\u00bbuppercase\u00a0\u00bb color=\u00a0\u00bb#df261c\u00a0\u00bb font_weight=\u00a0\u00bb500&Prime;]Ce que nous faisons[\/vc_column_text][vc_column_text css=\u00a0\u00bb\u00a0\u00bb color=\u00a0\u00bbaccent\u00a0\u00bb line_height=\u00a0\u00bbsnug\u00a0\u00bb el_class=\u00a0\u00bbg24-bullets\u00a0\u00bb]Chaque ann\u00e9e, Alliance Advisors touche des millions d&rsquo;actionnaires par le biais de diverses strat\u00e9gies de sollicitation afin de g\u00e9n\u00e9rer une participation au vote lors des&hellip;<\/p>\n","protected":false},"author":9,"featured_media":64776,"parent":0,"menu_order":0,"comment_status":"closed","ping_status":"closed","template":"","meta":{"footnotes":""},"class_list":["post-36364","page","type-page","status-publish","has-post-thumbnail","hentry","entry","has-media"],"_links":{"self":[{"href":"https:\/\/allianceadvisors.com\/fr\/wp-json\/wp\/v2\/pages\/36364","targetHints":{"allow":["GET"]}}],"collection":[{"href":"https:\/\/allianceadvisors.com\/fr\/wp-json\/wp\/v2\/pages"}],"about":[{"href":"https:\/\/allianceadvisors.com\/fr\/wp-json\/wp\/v2\/types\/page"}],"author":[{"embeddable":true,"href":"https:\/\/allianceadvisors.com\/fr\/wp-json\/wp\/v2\/users\/9"}],"replies":[{"embeddable":true,"href":"https:\/\/allianceadvisors.com\/fr\/wp-json\/wp\/v2\/comments?post=36364"}],"version-history":[{"count":17,"href":"https:\/\/allianceadvisors.com\/fr\/wp-json\/wp\/v2\/pages\/36364\/revisions"}],"predecessor-version":[{"id":59716,"href":"https:\/\/allianceadvisors.com\/fr\/wp-json\/wp\/v2\/pages\/36364\/revisions\/59716"}],"wp:featuredmedia":[{"embeddable":true,"href":"https:\/\/allianceadvisors.com\/fr\/wp-json\/wp\/v2\/media\/64776"}],"wp:attachment":[{"href":"https:\/\/allianceadvisors.com\/fr\/wp-json\/wp\/v2\/media?parent=36364"}],"curies":[{"name":"wp","href":"https:\/\/api.w.org\/{rel}","templated":true}]}}