{"id":63261,"date":"2026-01-28T05:16:16","date_gmt":"2026-01-28T10:16:16","guid":{"rendered":"https:\/\/allianceadvisors.com\/mutual-funds-investment-companies\/"},"modified":"2026-01-29T03:03:42","modified_gmt":"2026-01-29T08:03:42","slug":"fund-proxy-services","status":"publish","type":"page","link":"https:\/\/allianceadvisors.com\/es\/fund-proxy-services\/","title":{"rendered":"Servicios de representaci\u00f3n de fondos"},"content":{"rendered":"<div class=\"wpb-content-wrapper\">[vc_section css_animation=&raquo;fadeIn&raquo; local_scroll_id=&raquo;shareholder-engagement-solicitation&raquo;][vc_row column_spacing=&raquo;0px&raquo; remove_bottom_col_margin=&raquo;true&raquo; css=&raquo;.vc_custom_1736852909596{padding-top: 40px !important;padding-right: 40px !important;padding-bottom: 40px !important;padding-left: 40px !important;background-color: #FFFFFF !important;}&raquo; max_width_custom=&raquo;980px&raquo;][vc_column]<style>.vcex-heading.vcex_69f4e11cd1825{color:var(--wpex-accent);font-size:var(--wpex-text-4xl);font-weight:600;}<\/style><div class=\"vcex-heading vcex-heading-plain vcex-module wpex-heading wpex-text-2xl wpex-mb-40 vcex_69f4e11cd1825\"><span class=\"vcex-heading-inner wpex-inline-block\">Soluciones integrales de asesoramiento para juntas de accionistas y solicitud de poderes para fondos de inversi&oacute;n<\/span><\/div>[vc_column_text css=&raquo;.vc_custom_1738163815624{padding-bottom: 12px !important;}&raquo; font_size=&raquo;lg&raquo; text_transform=&raquo;uppercase&raquo; color=&raquo;#df261c&raquo; font_weight=&raquo;500&Prime;]Qu&eacute; hacemos[\/vc_column_text][vc_column_text css=&raquo;&raquo; color=&raquo;accent&raquo; line_height=&raquo;snug&raquo; el_class=&raquo;g24-bullets&raquo;]Alliance Advisors apoya a fondos mutuos, ETF, fondos de capital fijo y veh&iacute;culos de inversi&oacute;n alternativos con soluciones de asesoramiento de representaci&oacute;n y participaci&oacute;n de accionistas. Nuestros servicios est&aacute;n dise&ntilde;ados para simplificar procesos complejos, mejorar la participaci&oacute;n y garantizar resultados precisos y conformes con las normas. \n<p>Nuestro enfoque re&uacute;ne tecnolog&iacute;a, datos y equipos asesores experimentados para gestionar el ciclo de vida completo de la ejecuci&oacute;n de poderes y la participaci&oacute;n de los accionistas.[\/vc_column_text][\/vc_column][\/vc_row][vc_row column_spacing=&raquo;0px&raquo; max_width_custom=&raquo;980px&raquo;][vc_column][vc_column_text css=&raquo;.vc_custom_1769595983693{padding-top: 15px !important;padding-bottom: 15px !important;padding-left: 40px !important;background-color: #393939 !important;}&raquo; font_size=&raquo;lg&raquo; font_weight=&raquo;600&Prime; color=&raquo;#ffffff&raquo;]<a href=\"https:\/\/allianceadvisors.com\/contact-2\/\">Cont&aacute;ctenos<\/a>[\/vc_column_text][\/vc_column][\/vc_row][\/vc_section][vc_row][vc_column]<\/p><div class=\"vcex-spacing wpex-w-100 wpex-clear\" style=\"height:45px;\"><\/div>[\/vc_column][\/vc_row][vc_section css_animation=&raquo;fadeIn&raquo; local_scroll_id=&raquo;shareholder-engagement-solicitation&raquo;][vc_row column_spacing=&raquo;0px&raquo; remove_bottom_col_margin=&raquo;true&raquo; css=&raquo;.vc_custom_1736852927643{padding-top: 40px !important;padding-right: 40px !important;padding-bottom: 40px !important;padding-left: 40px !important;background-color: #FFFFFF !important;}&raquo; max_width_custom=&raquo;980px&raquo;][vc_column]<style>.vcex-heading.vcex_69f4e11cd2a67{color:var(--wpex-accent);font-size:var(--wpex-text-4xl);font-weight:600;line-height:var(--wpex-leading-snug);}<\/style><div class=\"vcex-heading vcex-heading-plain vcex-module wpex-heading wpex-text-2xl wpex-mb-40 vcex_69f4e11cd2a67\"><span class=\"vcex-heading-inner wpex-inline-block\">Un enfoque unificado para la gesti&oacute;n de apoderados de fondos mutuos<\/span><\/div>[vc_column_text css=&raquo;.vc_custom_1738163835107{padding-bottom: 12px !important;}&raquo; font_size=&raquo;lg&raquo; text_transform=&raquo;uppercase&raquo; color=&raquo;#df261c&raquo; font_weight=&raquo;500&Prime;]Qu&eacute; hacemos[\/vc_column_text][vc_column_text css=&raquo;&raquo; color=&raquo;accent&raquo; line_height=&raquo;snug&raquo; el_class=&raquo;g24-bullets&raquo;]Gestionar las comunicaciones de representaci&oacute;n entre diversas bases de inversores y m&uacute;ltiples estructuras de fondos requiere m&aacute;s que servicios aislados. Alliance Advisors ofrece un marco coordinado que conecta la distribuci&oacute;n, la votaci&oacute;n y la solicitud en una experiencia &uacute;nica y fluida. \n<p>Ya sea que apoyemos asuntos rutinarios de fondos o iniciativas urgentes, ayudamos a los clientes a llegar a los accionistas de manera eficiente, asegurar votos y mantener la transparencia durante todo el proceso.[\/vc_column_text][\/vc_column][\/vc_row][vc_row column_spacing=&raquo;0px&raquo; max_width_custom=&raquo;980px&raquo;][vc_column][vc_column_text css=&raquo;.vc_custom_1769597139404{padding-top: 15px !important;padding-bottom: 15px !important;padding-left: 40px !important;background-color: #393939 !important;}&raquo; font_size=&raquo;lg&raquo; font_weight=&raquo;600&Prime; color=&raquo;#ffffff&raquo;][\/vc_column_text][\/vc_column][\/vc_row][\/vc_section][vc_row][vc_column]<\/p><div class=\"vcex-spacing wpex-w-100 wpex-clear\" style=\"height:45px;\"><\/div>[\/vc_column][\/vc_row][vc_section css_animation=&raquo;fadeIn&raquo; local_scroll_id=&raquo;shareholder-engagement-solicitation&raquo;][vc_row column_spacing=&raquo;0px&raquo; remove_bottom_col_margin=&raquo;true&raquo; css=&raquo;.vc_custom_1736852941394{padding-top: 40px !important;padding-right: 40px !important;padding-bottom: 40px !important;padding-left: 40px !important;background-color: #FFFFFF !important;}&raquo; max_width_custom=&raquo;980px&raquo;][vc_column]<style>.vcex-heading.vcex_69f4e11cd3471{color:var(--wpex-accent);font-size:var(--wpex-text-4xl);font-weight:600;}<\/style><div class=\"vcex-heading vcex-heading-plain vcex-module wpex-heading wpex-text-2xl wpex-mb-40 vcex_69f4e11cd3471\"><span class=\"vcex-heading-inner wpex-inline-block\">C&oacute;mo apoyamos a los emisores de fondos mutuos<\/span><\/div>[vc_column_text css=&raquo;.vc_custom_1738163843289{padding-bottom: 12px !important;}&raquo; font_size=&raquo;lg&raquo; text_transform=&raquo;uppercase&raquo; color=&raquo;#df261c&raquo; font_weight=&raquo;500&Prime;]Qu&eacute; hacemos[\/vc_column_text][vc_column_text css=&raquo;&raquo; color=&raquo;accent&raquo; line_height=&raquo;snug&raquo; el_class=&raquo;g24-bullets&raquo;]\n<h4>Comunicaciones y distribuci&oacute;n para accionistas<\/h4>\n<p>Gestionamos la producci&oacute;n y entrega de materiales de representaci&oacute;n mediante flujos de trabajo escalables, tanto impresos como digitales, lo que garantiza una distribuci&oacute;n oportuna en los mercados globales. Los materiales se pueden personalizar y personalizar para que se ajusten a la identidad y los est&aacute;ndares de comunicaci&oacute;n de su organizaci&oacute;n. <\/p>\n<h4>Experiencia de votaci&oacute;n digital<\/h4>\n<p>Los accionistas cuentan con opciones de votaci&oacute;n intuitivas y multicanal, que incluyen votaci&oacute;n por correo electr&oacute;nico, acceso web, c&oacute;digos QR y rutas de texto. Estas herramientas est&aacute;n dise&ntilde;adas para reducir la fricci&oacute;n, aumentar la participaci&oacute;n y conectar con los accionistas donde prefieran interactuar. <\/p>\n<h4>Juntas de accionistas virtuales e h&iacute;bridas<\/h4>\n<p>Alliance Advisors ofrece tecnolog&iacute;a de reuniones virtuales e h&iacute;bridas que admite presentaciones en vivo, votaci&oacute;n de accionistas, funcionalidad de preguntas y respuestas y gesti&oacute;n de reuniones, todo accesible desde todos los dispositivos.<\/p>\n<h4>Participaci&oacute;n y solicitud de accionistas<\/h4>\n<p>Nuestros equipos de asesoramiento y solicitud ayudan a los emisores a comprender la din&aacute;mica de propiedad y ejecutan campa&ntilde;as de participaci&oacute;n espec&iacute;ficas mediante llamadas salientes, alcance digital y soporte de agente en vivo.[\/vc_column_text][\/vc_column][\/vc_row][vc_row column_spacing=&raquo;0px&raquo; max_width_custom=&raquo;980px&raquo;][vc_column][vc_column_text css=&raquo;.vc_custom_1769597148550{padding-top: 15px !important;padding-bottom: 15px !important;padding-left: 40px !important;background-color: #393939 !important;}&raquo; font_size=&raquo;lg&raquo; font_weight=&raquo;600&Prime; color=&raquo;#ffffff&raquo;][\/vc_column_text][\/vc_column][\/vc_row][\/vc_section][vc_section css_animation=&raquo;fadeIn&raquo; local_scroll_id=&raquo;shareholder-engagement-solicitation&raquo;][vc_row][vc_column]<\/p><div class=\"vcex-spacing wpex-w-100 wpex-clear\" style=\"height:45px;\"><\/div>[\/vc_column][\/vc_row][vc_row column_spacing=&raquo;0px&raquo; remove_bottom_col_margin=&raquo;true&raquo; css=&raquo;.vc_custom_1736852941394{padding-top: 40px !important;padding-right: 40px !important;padding-bottom: 40px !important;padding-left: 40px !important;background-color: #FFFFFF !important;}&raquo; max_width_custom=&raquo;980px&raquo;][vc_column]<style>.vcex-heading.vcex_69f4e11cd3eb8{color:var(--wpex-accent);font-size:var(--wpex-text-4xl);font-weight:600;}<\/style><div class=\"vcex-heading vcex-heading-plain vcex-module wpex-heading wpex-text-2xl wpex-mb-40 vcex_69f4e11cd3eb8\"><span class=\"vcex-heading-inner wpex-inline-block\">Por qu&eacute; es importante una soluci&oacute;n integrada<\/span><\/div>[vc_column_text css=&raquo;.vc_custom_1738163843289{padding-bottom: 12px !important;}&raquo; font_size=&raquo;lg&raquo; text_transform=&raquo;uppercase&raquo; color=&raquo;#df261c&raquo; font_weight=&raquo;500&Prime;]Qu&eacute; hacemos[\/vc_column_text][vc_column_text css=&raquo;&raquo; color=&raquo;accent&raquo; line_height=&raquo;snug&raquo; el_class=&raquo;g24-bullets&raquo;]La participaci&oacute;n minorista sigue representando una parte significativa de los resultados de las votaciones de los fondos; sin embargo, los inversores minoristas suelen ser los m&aacute;s dif&iacute;ciles de alcanzar. La fragmentaci&oacute;n de los proveedores y la desconexi&oacute;n de los sistemas pueden generar ineficiencias, retrasos y un mayor riesgo. \n<p>Al consolidar las comunicaciones, la votaci&oacute;n y la participaci&oacute;n dentro de una &uacute;nica plataforma, Alliance Advisors ayuda a los emisores a:<\/p>\n<ul>\n<li>Mejorar la participaci&oacute;n electoral<\/li>\n<li>Reducir la complejidad operativa<\/li>\n<li>Obtenga visibilidad en tiempo real del progreso<\/li>\n<li>Mantener experiencias consistentes para los accionistas<\/li>\n<\/ul>\n<p>El resultado es un proceso de representaci&oacute;n m&aacute;s fluido y una mayor confianza en los resultados del encuentro.[\/vc_column_text][\/vc_column][\/vc_row][vc_row column_spacing=&raquo;0px&raquo; max_width_custom=&raquo;980px&raquo;][vc_column][vc_column_text css=&raquo;.vc_custom_1769597158185{padding-top: 15px !important;padding-bottom: 15px !important;padding-left: 40px !important;background-color: #393939 !important;}&raquo; font_size=&raquo;lg&raquo; font_weight=&raquo;600&Prime; color=&raquo;#ffffff&raquo;][\/vc_column_text][\/vc_column][\/vc_row][\/vc_section][vc_section css_animation=&raquo;fadeIn&raquo; local_scroll_id=&raquo;shareholder-engagement-solicitation&raquo;][vc_row][vc_column]<\/p><div class=\"vcex-spacing wpex-w-100 wpex-clear\" style=\"height:45px;\"><\/div>[\/vc_column][\/vc_row][vc_row column_spacing=&raquo;0px&raquo; remove_bottom_col_margin=&raquo;true&raquo; css=&raquo;.vc_custom_1736852941394{padding-top: 40px !important;padding-right: 40px !important;padding-bottom: 40px !important;padding-left: 40px !important;background-color: #FFFFFF !important;}&raquo; max_width_custom=&raquo;980px&raquo;][vc_column]<style>.vcex-heading.vcex_69f4e11cd493f{color:var(--wpex-accent);font-size:var(--wpex-text-4xl);font-weight:600;}<\/style><div class=\"vcex-heading vcex-heading-plain vcex-module wpex-heading wpex-text-2xl wpex-mb-40 vcex_69f4e11cd493f\"><span class=\"vcex-heading-inner wpex-inline-block\">Experiencia global. Experiencia centrada en fondos.<\/span><\/div>[vc_column_text css=&raquo;.vc_custom_1738163843289{padding-bottom: 12px !important;}&raquo; font_size=&raquo;lg&raquo; text_transform=&raquo;uppercase&raquo; color=&raquo;#df261c&raquo; font_weight=&raquo;500&Prime;]Qu&eacute; hacemos[\/vc_column_text][vc_column_text css=&raquo;&raquo; color=&raquo;accent&raquo; line_height=&raquo;snug&raquo; el_class=&raquo;g24-bullets&raquo;]Alliance Advisors es un proveedor l&iacute;der mundial de servicios de asesoramiento, participaci&oacute;n y representaci&oacute;n de accionistas. Nuestros equipos organizan miles de reuniones al a&ntilde;o en diversas jurisdicciones y clases de activos, incluyendo fondos mutuos y veh&iacute;culos de inversi&oacute;n alternativos. \n<p>Combinamos la escala global con el conocimiento del mercado local para ofrecer una ejecuci&oacute;n de proxy confiable, compatible y efectiva.[\/vc_column_text][\/vc_column][\/vc_row][vc_row column_spacing=&raquo;0px&raquo; max_width_custom=&raquo;980px&raquo;][vc_column][vc_column_text css=&raquo;.vc_custom_1769596591846{padding-top: 15px !important;padding-bottom: 15px !important;padding-left: 40px !important;background-color: #393939 !important;}&raquo; font_size=&raquo;lg&raquo; font_weight=&raquo;600&Prime; color=&raquo;#ffffff&raquo;]<a href=\"https:\/\/allianceadvisors.com\/contact-2\/\">Cont&aacute;ctenos<\/a>[\/vc_column_text][\/vc_column][\/vc_row][\/vc_section]\n<\/p><\/div>","protected":false},"excerpt":{"rendered":"<p>[vc_section css_animation=\u00bbfadeIn\u00bb local_scroll_id=\u00bbshareholder-engagement-solicitation\u00bb][vc_row column_spacing=\u00bb0px\u00bb remove_bottom_col_margin=\u00bbtrue\u00bb css=\u00bb.vc_custom_1736852909596{padding-top: 40px !important;padding-right: 40px !important;padding-bottom: 40px !important;padding-left: 40px !important;background-color: #FFFFFF !important;}\u00bb max_width_custom=\u00bb980px\u00bb][vc_column][vc_column_text css=\u00bb.vc_custom_1738163815624{padding-bottom: 12px !important;}\u00bb font_size=\u00bblg\u00bb text_transform=\u00bbuppercase\u00bb color=\u00bb#df261c\u00bb font_weight=\u00bb500&#8243;]Qu\u00e9 hacemos[\/vc_column_text][vc_column_text css=\u00bb\u00bb color=\u00bbaccent\u00bb line_height=\u00bbsnug\u00bb el_class=\u00bbg24-bullets\u00bb]Alliance Advisors apoya a fondos mutuos, ETF, fondos de capital fijo y veh\u00edculos de inversi\u00f3n alternativos con soluciones de asesoramiento de representaci\u00f3n y participaci\u00f3n de accionistas. Nuestros&hellip;<\/p>\n","protected":false},"author":9,"featured_media":64809,"parent":0,"menu_order":0,"comment_status":"closed","ping_status":"closed","template":"","meta":{"footnotes":""},"class_list":["post-63261","page","type-page","status-publish","has-post-thumbnail","hentry","entry","has-media"],"_links":{"self":[{"href":"https:\/\/allianceadvisors.com\/es\/wp-json\/wp\/v2\/pages\/63261","targetHints":{"allow":["GET"]}}],"collection":[{"href":"https:\/\/allianceadvisors.com\/es\/wp-json\/wp\/v2\/pages"}],"about":[{"href":"https:\/\/allianceadvisors.com\/es\/wp-json\/wp\/v2\/types\/page"}],"author":[{"embeddable":true,"href":"https:\/\/allianceadvisors.com\/es\/wp-json\/wp\/v2\/users\/9"}],"replies":[{"embeddable":true,"href":"https:\/\/allianceadvisors.com\/es\/wp-json\/wp\/v2\/comments?post=63261"}],"version-history":[{"count":5,"href":"https:\/\/allianceadvisors.com\/es\/wp-json\/wp\/v2\/pages\/63261\/revisions"}],"predecessor-version":[{"id":63350,"href":"https:\/\/allianceadvisors.com\/es\/wp-json\/wp\/v2\/pages\/63261\/revisions\/63350"}],"wp:featuredmedia":[{"embeddable":true,"href":"https:\/\/allianceadvisors.com\/es\/wp-json\/wp\/v2\/media\/64809"}],"wp:attachment":[{"href":"https:\/\/allianceadvisors.com\/es\/wp-json\/wp\/v2\/media?parent=63261"}],"curies":[{"name":"wp","href":"https:\/\/api.w.org\/{rel}","templated":true}]}}