{"id":56622,"date":"2025-03-19T08:41:54","date_gmt":"2025-03-19T12:41:54","guid":{"rendered":"https:\/\/allianceadvisors.com\/our-services\/"},"modified":"2025-03-20T07:01:23","modified_gmt":"2025-03-20T11:01:23","slug":"our-services","status":"publish","type":"page","link":"https:\/\/allianceadvisors.com\/es\/our-services\/","title":{"rendered":"Nuestros Servicios"},"content":{"rendered":"<div class=\"wpb-content-wrapper\">[vc_row][vc_column]<div class=\"wpex-post-cards wpex-post-cards-template_56601 wpb-animate-in-sequence wpex-relative\"><div class=\"wpex-post-cards-inner\"><div class=\"wpex-post-cards-loop wpex-post-cards-grid wpex-row wpex-clr gap-30\"><div class=\"wpex-post-cards-entry col col-1 span_1_of_4 post-36346 type-page translation_priority-174\"><div class=\"wpex-card wpex-card-template_56601\"><style>.vc_custom_1742468463886{background-color: #FFFFFF !important;}.vc_custom_1742466646530{padding-right: 12px !important;padding-left: 20px !important;}.vc_custom_1742466688633{padding-top: 12px !important;padding-right: 12px !important;padding-bottom: 12px !important;padding-left: 12px !important;background-color: #393939 !important;}<\/style><a href=\"https:\/\/allianceadvisors.com\/es\/captacion-e-implicacion-de-accionistas\/\" aria-label=\"Junta General de Accionistas Consultiva y Participaci&oacute;n de Accionistas\" class=\"wpex-card-inner wpex-no-underline wpex-inherit-color\"><div class=\"vc_row wpb_row vc_row-fluid hvr hvr-shadow wpb_animate_when_almost_visible wpb_fadeIn fadeIn vc_custom_1742468463886 vc_row-o-equal-height vc_row-flex wpex-relative wpex-vc-has-custom-column-spacing wpex-vc-column-spacing-0px wpex-vc_row-has-fill wpex-vc-reset-negative-margin\" style=\"min-height:300px;\"><div class=\"wpb_column vc_column_container vc_col-sm-12\"><div class=\"vc_column-inner\"><div class=\"wpb_wrapper\"><div class=\"vcex-spacing wpex-w-100 wpex-clear\"><\/div><style>.vcex-page-title.vcex_69d4c5c187056 .vcex-page-title__heading{font-size:var(--wpex-text-xl);text-transform:capitalize;font-weight:600;line-height:var(--wpex-leading-tight);}<\/style><div class=\"vcex-page-title vcex-module wpex-text-center vc_custom_1742466646530 vcex_69d4c5c187056\"><span href=\"https:\/\/allianceadvisors.com\/es\/captacion-e-implicacion-de-accionistas\/\" class=\"vcex-page-title__link wpex-no-underline wpex-inherit-color\"><h2 class=\"vcex-page-title__heading wpex-heading wpex-text-3xl\"><span class=\"vcex-page-title__text\">Junta General de Accionistas Consultiva y Participaci&oacute;n de Accionistas<\/span><\/h2><\/span><\/div><div class=\"vcex-spacing wpex-w-100 wpex-clear\" style=\"height:80px;\"><\/div>\n\t<div style=\"color:#ffffff;text-align:center;text-transform:uppercase;\" class=\"wpb_text_column has-custom-color wpex-child-inherit-color wpb_content_element vc_custom_1742466688633 wpex-mt-auto wpex-hover-shadow-md\">\n\t\t<div class=\"wpb_wrapper\">\n\t\t\t<p>M&aacute;s informaci&oacute;n<\/p>\n\n\t\t<\/div>\n\t<\/div>\n<\/div><\/div><\/div><\/div><\/a><\/div><\/div><div class=\"wpex-post-cards-entry col col-2 span_1_of_4 post-36419 type-page translation_priority-174\"><div class=\"wpex-card wpex-card-template_56601\"><a href=\"https:\/\/allianceadvisors.com\/es\/asesoria-de-remuneracion-ejecutiva-gobierno-corporativo-y-sostenibilidad\/\" aria-label=\"Asesor&iacute;a de remuneracion ejecutiva, gobierno corporativo y sostenibilidad\" class=\"wpex-card-inner wpex-no-underline wpex-inherit-color\"><div class=\"vc_row wpb_row vc_row-fluid hvr hvr-shadow wpb_animate_when_almost_visible wpb_fadeIn fadeIn vc_custom_1742468463886 vc_row-o-equal-height vc_row-flex wpex-relative wpex-vc-has-custom-column-spacing wpex-vc-column-spacing-0px wpex-vc_row-has-fill wpex-vc-reset-negative-margin\" style=\"min-height:300px;\"><div class=\"wpb_column vc_column_container vc_col-sm-12\"><div class=\"vc_column-inner\"><div class=\"wpb_wrapper\"><div class=\"vcex-spacing wpex-w-100 wpex-clear\"><\/div><style>.vcex-page-title.vcex_69d4c5c18984b .vcex-page-title__heading{font-size:var(--wpex-text-xl);text-transform:capitalize;font-weight:600;line-height:var(--wpex-leading-tight);}<\/style><div class=\"vcex-page-title vcex-module wpex-text-center vc_custom_1742466646530 vcex_69d4c5c18984b\"><span href=\"https:\/\/allianceadvisors.com\/es\/asesoria-de-remuneracion-ejecutiva-gobierno-corporativo-y-sostenibilidad\/\" class=\"vcex-page-title__link wpex-no-underline wpex-inherit-color\"><h2 class=\"vcex-page-title__heading wpex-heading wpex-text-3xl\"><span class=\"vcex-page-title__text\">Asesor&iacute;a de remuneracion ejecutiva, gobierno corporativo y sostenibilidad<\/span><\/h2><\/span><\/div><div class=\"vcex-spacing wpex-w-100 wpex-clear\" style=\"height:80px;\"><\/div>\n\t<div style=\"color:#ffffff;text-align:center;text-transform:uppercase;\" class=\"wpb_text_column has-custom-color wpex-child-inherit-color wpb_content_element vc_custom_1742466688633 wpex-mt-auto wpex-hover-shadow-md\">\n\t\t<div class=\"wpb_wrapper\">\n\t\t\t<p>M&aacute;s informaci&oacute;n<\/p>\n\n\t\t<\/div>\n\t<\/div>\n<\/div><\/div><\/div><\/div><\/a><\/div><\/div><div class=\"wpex-post-cards-entry col col-3 span_1_of_4 post-36502 type-page translation_priority-174\"><div class=\"wpex-card wpex-card-template_56601\"><a href=\"https:\/\/allianceadvisors.com\/es\/fusiones-y-adquisiciones-activismo-accionarial-y-situaciones-especiales\/\" aria-label=\"Fusiones y adquisiciones, activismo accionarial y situaciones especiales\" class=\"wpex-card-inner wpex-no-underline wpex-inherit-color\"><div class=\"vc_row wpb_row vc_row-fluid hvr hvr-shadow wpb_animate_when_almost_visible wpb_fadeIn fadeIn vc_custom_1742468463886 vc_row-o-equal-height vc_row-flex wpex-relative wpex-vc-has-custom-column-spacing wpex-vc-column-spacing-0px wpex-vc_row-has-fill wpex-vc-reset-negative-margin\" style=\"min-height:300px;\"><div class=\"wpb_column vc_column_container vc_col-sm-12\"><div class=\"vc_column-inner\"><div class=\"wpb_wrapper\"><div class=\"vcex-spacing wpex-w-100 wpex-clear\"><\/div><style>.vcex-page-title.vcex_69d4c5c18b021 .vcex-page-title__heading{font-size:var(--wpex-text-xl);text-transform:capitalize;font-weight:600;line-height:var(--wpex-leading-tight);}<\/style><div class=\"vcex-page-title vcex-module wpex-text-center vc_custom_1742466646530 vcex_69d4c5c18b021\"><span href=\"https:\/\/allianceadvisors.com\/es\/fusiones-y-adquisiciones-activismo-accionarial-y-situaciones-especiales\/\" class=\"vcex-page-title__link wpex-no-underline wpex-inherit-color\"><h2 class=\"vcex-page-title__heading wpex-heading wpex-text-3xl\"><span class=\"vcex-page-title__text\">Fusiones y adquisiciones, activismo accionarial y situaciones especiales<\/span><\/h2><\/span><\/div><div class=\"vcex-spacing wpex-w-100 wpex-clear\" style=\"height:80px;\"><\/div>\n\t<div style=\"color:#ffffff;text-align:center;text-transform:uppercase;\" class=\"wpb_text_column has-custom-color wpex-child-inherit-color wpb_content_element vc_custom_1742466688633 wpex-mt-auto wpex-hover-shadow-md\">\n\t\t<div class=\"wpb_wrapper\">\n\t\t\t<p>M&aacute;s informaci&oacute;n<\/p>\n\n\t\t<\/div>\n\t<\/div>\n<\/div><\/div><\/div><\/div><\/a><\/div><\/div><div class=\"wpex-post-cards-entry col col-4 span_1_of_4 post-36373 type-page translation_priority-174\"><div class=\"wpex-card wpex-card-template_56601\"><a href=\"https:\/\/allianceadvisors.com\/es\/participacion-minorista\/\" aria-label=\"Participaci&oacute;n minorista\" class=\"wpex-card-inner wpex-no-underline wpex-inherit-color\"><div class=\"vc_row wpb_row vc_row-fluid hvr hvr-shadow wpb_animate_when_almost_visible wpb_fadeIn fadeIn vc_custom_1742468463886 vc_row-o-equal-height vc_row-flex wpex-relative wpex-vc-has-custom-column-spacing wpex-vc-column-spacing-0px wpex-vc_row-has-fill wpex-vc-reset-negative-margin\" style=\"min-height:300px;\"><div class=\"wpb_column vc_column_container vc_col-sm-12\"><div class=\"vc_column-inner\"><div class=\"wpb_wrapper\"><div class=\"vcex-spacing wpex-w-100 wpex-clear\"><\/div><style>.vcex-page-title.vcex_69d4c5c18c7a4 .vcex-page-title__heading{font-size:var(--wpex-text-xl);text-transform:capitalize;font-weight:600;line-height:var(--wpex-leading-tight);}<\/style><div class=\"vcex-page-title vcex-module wpex-text-center vc_custom_1742466646530 vcex_69d4c5c18c7a4\"><span href=\"https:\/\/allianceadvisors.com\/es\/participacion-minorista\/\" class=\"vcex-page-title__link wpex-no-underline wpex-inherit-color\"><h2 class=\"vcex-page-title__heading wpex-heading wpex-text-3xl\"><span class=\"vcex-page-title__text\">Participaci&oacute;n minorista<\/span><\/h2><\/span><\/div><div class=\"vcex-spacing wpex-w-100 wpex-clear\" style=\"height:80px;\"><\/div>\n\t<div style=\"color:#ffffff;text-align:center;text-transform:uppercase;\" class=\"wpb_text_column has-custom-color wpex-child-inherit-color wpb_content_element vc_custom_1742466688633 wpex-mt-auto wpex-hover-shadow-md\">\n\t\t<div class=\"wpb_wrapper\">\n\t\t\t<p>M&aacute;s informaci&oacute;n<\/p>\n\n\t\t<\/div>\n\t<\/div>\n<\/div><\/div><\/div><\/div><\/a><\/div><\/div><div class=\"wpex-post-cards-entry col col-1 span_1_of_4 post-36453 type-page translation_priority-174\"><div class=\"wpex-card wpex-card-template_56601\"><a href=\"https:\/\/allianceadvisors.com\/es\/logistica-de-proxy-y-juntas-virtuales-de-accionistas\/\" aria-label=\"Log&iacute;stica de proxy y juntas virtuales de accionistas\" class=\"wpex-card-inner wpex-no-underline wpex-inherit-color\"><div class=\"vc_row wpb_row vc_row-fluid hvr hvr-shadow wpb_animate_when_almost_visible wpb_fadeIn fadeIn vc_custom_1742468463886 vc_row-o-equal-height vc_row-flex wpex-relative wpex-vc-has-custom-column-spacing wpex-vc-column-spacing-0px wpex-vc_row-has-fill wpex-vc-reset-negative-margin\" style=\"min-height:300px;\"><div class=\"wpb_column vc_column_container vc_col-sm-12\"><div class=\"vc_column-inner\"><div class=\"wpb_wrapper\"><div class=\"vcex-spacing wpex-w-100 wpex-clear\"><\/div><style>.vcex-page-title.vcex_69d4c5c18de42 .vcex-page-title__heading{font-size:var(--wpex-text-xl);text-transform:capitalize;font-weight:600;line-height:var(--wpex-leading-tight);}<\/style><div class=\"vcex-page-title vcex-module wpex-text-center vc_custom_1742466646530 vcex_69d4c5c18de42\"><span href=\"https:\/\/allianceadvisors.com\/es\/logistica-de-proxy-y-juntas-virtuales-de-accionistas\/\" class=\"vcex-page-title__link wpex-no-underline wpex-inherit-color\"><h2 class=\"vcex-page-title__heading wpex-heading wpex-text-3xl\"><span class=\"vcex-page-title__text\">Log&iacute;stica de proxy y juntas virtuales de accionistas<\/span><\/h2><\/span><\/div><div class=\"vcex-spacing wpex-w-100 wpex-clear\" style=\"height:80px;\"><\/div>\n\t<div style=\"color:#ffffff;text-align:center;text-transform:uppercase;\" class=\"wpb_text_column has-custom-color wpex-child-inherit-color wpb_content_element vc_custom_1742466688633 wpex-mt-auto wpex-hover-shadow-md\">\n\t\t<div class=\"wpb_wrapper\">\n\t\t\t<p>M&aacute;s informaci&oacute;n<\/p>\n\n\t\t<\/div>\n\t<\/div>\n<\/div><\/div><\/div><\/div><\/a><\/div><\/div><div class=\"wpex-post-cards-entry col col-2 span_1_of_4 post-36412 type-page translation_priority-159\"><div class=\"wpex-card wpex-card-template_56601\"><a href=\"https:\/\/allianceadvisors.com\/es\/informacion-sobre-accionistas-institucionales\/\" aria-label=\"Vigilancia de existencias\" class=\"wpex-card-inner wpex-no-underline wpex-inherit-color\"><div class=\"vc_row wpb_row vc_row-fluid hvr hvr-shadow wpb_animate_when_almost_visible wpb_fadeIn fadeIn vc_custom_1742468463886 vc_row-o-equal-height vc_row-flex wpex-relative wpex-vc-has-custom-column-spacing wpex-vc-column-spacing-0px wpex-vc_row-has-fill wpex-vc-reset-negative-margin\" style=\"min-height:300px;\"><div class=\"wpb_column vc_column_container vc_col-sm-12\"><div class=\"vc_column-inner\"><div class=\"wpb_wrapper\"><div class=\"vcex-spacing wpex-w-100 wpex-clear\"><\/div><style>.vcex-page-title.vcex_69d4c5c18f42a .vcex-page-title__heading{font-size:var(--wpex-text-xl);text-transform:capitalize;font-weight:600;line-height:var(--wpex-leading-tight);}<\/style><div class=\"vcex-page-title vcex-module wpex-text-center vc_custom_1742466646530 vcex_69d4c5c18f42a\"><span href=\"https:\/\/allianceadvisors.com\/es\/informacion-sobre-accionistas-institucionales\/\" class=\"vcex-page-title__link wpex-no-underline wpex-inherit-color\"><h2 class=\"vcex-page-title__heading wpex-heading wpex-text-3xl\"><span class=\"vcex-page-title__text\">Vigilancia de existencias<\/span><\/h2><\/span><\/div><div class=\"vcex-spacing wpex-w-100 wpex-clear\" style=\"height:80px;\"><\/div>\n\t<div style=\"color:#ffffff;text-align:center;text-transform:uppercase;\" class=\"wpb_text_column has-custom-color wpex-child-inherit-color wpb_content_element vc_custom_1742466688633 wpex-mt-auto wpex-hover-shadow-md\">\n\t\t<div class=\"wpb_wrapper\">\n\t\t\t<p>M&aacute;s informaci&oacute;n<\/p>\n\n\t\t<\/div>\n\t<\/div>\n<\/div><\/div><\/div><\/div><\/a><\/div><\/div><div class=\"wpex-post-cards-entry col col-3 span_1_of_4 post-56614 type-page translation_priority-174\"><div class=\"wpex-card wpex-card-template_56601\"><a href=\"https:\/\/allianceadvisors.com\/es\/investor-relations\/\" aria-label=\"Investor Relations\" class=\"wpex-card-inner wpex-no-underline wpex-inherit-color\"><div class=\"vc_row wpb_row vc_row-fluid hvr hvr-shadow wpb_animate_when_almost_visible wpb_fadeIn fadeIn vc_custom_1742468463886 vc_row-o-equal-height vc_row-flex wpex-relative wpex-vc-has-custom-column-spacing wpex-vc-column-spacing-0px wpex-vc_row-has-fill wpex-vc-reset-negative-margin\" style=\"min-height:300px;\"><div class=\"wpb_column vc_column_container vc_col-sm-12\"><div class=\"vc_column-inner\"><div class=\"wpb_wrapper\"><div class=\"vcex-spacing wpex-w-100 wpex-clear\"><\/div><style>.vcex-page-title.vcex_69d4c5c190abd .vcex-page-title__heading{font-size:var(--wpex-text-xl);text-transform:capitalize;font-weight:600;line-height:var(--wpex-leading-tight);}<\/style><div class=\"vcex-page-title vcex-module wpex-text-center vc_custom_1742466646530 vcex_69d4c5c190abd\"><span href=\"https:\/\/allianceadvisors.com\/es\/investor-relations\/\" class=\"vcex-page-title__link wpex-no-underline wpex-inherit-color\"><h2 class=\"vcex-page-title__heading wpex-heading wpex-text-3xl\"><span class=\"vcex-page-title__text\">Investor Relations<\/span><\/h2><\/span><\/div><div class=\"vcex-spacing wpex-w-100 wpex-clear\" style=\"height:80px;\"><\/div>\n\t<div style=\"color:#ffffff;text-align:center;text-transform:uppercase;\" class=\"wpb_text_column has-custom-color wpex-child-inherit-color wpb_content_element vc_custom_1742466688633 wpex-mt-auto wpex-hover-shadow-md\">\n\t\t<div class=\"wpb_wrapper\">\n\t\t\t<p>M&aacute;s informaci&oacute;n<\/p>\n\n\t\t<\/div>\n\t<\/div>\n<\/div><\/div><\/div><\/div><\/a><\/div><\/div><div class=\"wpex-post-cards-entry col col-4 span_1_of_4 post-36525 type-page translation_priority-170 translation_priority-174\"><div class=\"wpex-card wpex-card-template_56601\"><a href=\"https:\/\/allianceadvisors.com\/es\/invictus\/\" aria-label=\"Invictus\" class=\"wpex-card-inner wpex-no-underline wpex-inherit-color\"><div class=\"vc_row wpb_row vc_row-fluid hvr hvr-shadow wpb_animate_when_almost_visible wpb_fadeIn fadeIn vc_custom_1742468463886 vc_row-o-equal-height vc_row-flex wpex-relative wpex-vc-has-custom-column-spacing wpex-vc-column-spacing-0px wpex-vc_row-has-fill wpex-vc-reset-negative-margin\" style=\"min-height:300px;\"><div class=\"wpb_column vc_column_container vc_col-sm-12\"><div class=\"vc_column-inner\"><div class=\"wpb_wrapper\"><div class=\"vcex-spacing wpex-w-100 wpex-clear\"><\/div><style>.vcex-page-title.vcex_69d4c5c1920dc .vcex-page-title__heading{font-size:var(--wpex-text-xl);text-transform:capitalize;font-weight:600;line-height:var(--wpex-leading-tight);}<\/style><div class=\"vcex-page-title vcex-module wpex-text-center vc_custom_1742466646530 vcex_69d4c5c1920dc\"><span href=\"https:\/\/allianceadvisors.com\/es\/invictus\/\" class=\"vcex-page-title__link wpex-no-underline wpex-inherit-color\"><h2 class=\"vcex-page-title__heading wpex-heading wpex-text-3xl\"><span class=\"vcex-page-title__text\">Invictus<\/span><\/h2><\/span><\/div><div class=\"vcex-spacing wpex-w-100 wpex-clear\" style=\"height:80px;\"><\/div>\n\t<div style=\"color:#ffffff;text-align:center;text-transform:uppercase;\" class=\"wpb_text_column has-custom-color wpex-child-inherit-color wpb_content_element vc_custom_1742466688633 wpex-mt-auto wpex-hover-shadow-md\">\n\t\t<div class=\"wpb_wrapper\">\n\t\t\t<p>M&aacute;s informaci&oacute;n<\/p>\n\n\t\t<\/div>\n\t<\/div>\n<\/div><\/div><\/div><\/div><\/a><\/div><\/div><\/div><\/div><\/div>[\/vc_column][\/vc_row]\n<\/div>","protected":false},"excerpt":{"rendered":"Invictus ha sido desarrollado por Alliance Advisors para mejorar la gesti\u00f3n del proceso de captaci\u00f3n de representaci\u00f3n y a la informaci\u00f3n detallada sobre la propiedad de acciones. A trav\u00e9s de una plataforma digital personalizada, Invictus te ofrece acceso a: Informaci\u00f3n detallada sobre propiedad y an\u00e1lisis de grupos de pares Gesti\u00f3n digital completa de tus asambleas&hellip;","protected":false},"author":16,"featured_media":64803,"parent":0,"menu_order":0,"comment_status":"closed","ping_status":"closed","template":"","meta":{"footnotes":""},"class_list":["post-56622","page","type-page","status-publish","has-post-thumbnail","hentry","entry","has-media"],"_links":{"self":[{"href":"https:\/\/allianceadvisors.com\/es\/wp-json\/wp\/v2\/pages\/56622","targetHints":{"allow":["GET"]}}],"collection":[{"href":"https:\/\/allianceadvisors.com\/es\/wp-json\/wp\/v2\/pages"}],"about":[{"href":"https:\/\/allianceadvisors.com\/es\/wp-json\/wp\/v2\/types\/page"}],"author":[{"embeddable":true,"href":"https:\/\/allianceadvisors.com\/es\/wp-json\/wp\/v2\/users\/16"}],"replies":[{"embeddable":true,"href":"https:\/\/allianceadvisors.com\/es\/wp-json\/wp\/v2\/comments?post=56622"}],"version-history":[{"count":2,"href":"https:\/\/allianceadvisors.com\/es\/wp-json\/wp\/v2\/pages\/56622\/revisions"}],"predecessor-version":[{"id":56629,"href":"https:\/\/allianceadvisors.com\/es\/wp-json\/wp\/v2\/pages\/56622\/revisions\/56629"}],"wp:featuredmedia":[{"embeddable":true,"href":"https:\/\/allianceadvisors.com\/es\/wp-json\/wp\/v2\/media\/64803"}],"wp:attachment":[{"href":"https:\/\/allianceadvisors.com\/es\/wp-json\/wp\/v2\/media?parent=56622"}],"curies":[{"name":"wp","href":"https:\/\/api.w.org\/{rel}","templated":true}]}}