{"id":36502,"date":"2023-03-24T08:24:47","date_gmt":"2023-03-24T12:24:47","guid":{"rendered":"https:\/\/allianceadvisors.com\/fusiones-y-adquisiciones-activismo-accionarial-y-situaciones-especiales\/"},"modified":"2025-02-04T06:27:17","modified_gmt":"2025-02-04T11:27:17","slug":"fusiones-y-adquisiciones-activismo-accionarial-y-situaciones-especiales","status":"publish","type":"page","link":"https:\/\/allianceadvisors.com\/es\/fusiones-y-adquisiciones-activismo-accionarial-y-situaciones-especiales\/","title":{"rendered":"Fusiones y adquisiciones, activismo accionarial y situaciones especiales"},"content":{"rendered":"<div class=\"wpb-content-wrapper\">[vc_section css_animation=&raquo;fadeIn&raquo; local_scroll_id=&raquo;shareholder-engagement-solicitation&raquo;][vc_row column_spacing=&raquo;0px&raquo; remove_bottom_col_margin=&raquo;true&raquo; css=&raquo;.vc_custom_1736852909596{padding-top: 40px !important;padding-right: 40px !important;padding-bottom: 40px !important;padding-left: 40px !important;background-color: #FFFFFF !important;}&raquo; max_width_custom=&raquo;980px&raquo;][vc_column]<style>.vcex-heading.vcex_69ebeed1a4ae6{color:var(--wpex-accent);font-size:var(--wpex-text-4xl);font-weight:600;text-transform:capitalize;}<\/style><div class=\"vcex-heading vcex-heading-plain vcex-module wpex-heading wpex-text-2xl wpex-mb-40 vcex_69ebeed1a4ae6\"><span class=\"vcex-heading-inner wpex-inline-block\">Fusiones y adquisiciones<\/span><\/div>[vc_column_text css=&raquo;.vc_custom_1738668299244{padding-bottom: 12px !important;}&raquo; font_size=&raquo;lg&raquo; text_transform=&raquo;uppercase&raquo; color=&raquo;#df261c&raquo; font_weight=&raquo;500&Prime;]&iquest;Qu&eacute; hacemos?[\/vc_column_text][vc_column_text css=&raquo;&raquo; color=&raquo;accent&raquo; line_height=&raquo;snug&raquo; el_class=&raquo;g24-bullets&raquo;]\n<ul>\n<li>Revisi&oacute;n de la documentaci&oacute;n &ndash; Gobernanza y env&iacute;o de mensajes: este servicio incluye la aportaci&oacute;n de sugerencias para toda la documentaci&oacute;n, as&iacute; como la carta del presidente y el an&aacute;lisis de una encuesta entregada a los accionistas particulares.<\/li>\n<li>An&aacute;lisis del registro de acciones y de propiedad efectiva, incluyendo la identificaci&oacute;n de los accionistas institucionales y particulares fundamentales, los asesores de representaci&oacute;n y dem&aacute;s personas influyentes, as&iacute; como su influencia de voto sobre el registro.<\/li>\n<li>Apoyo para la implicaci&oacute;n con consultor&iacute;as de representaci&oacute;n empresarial: preparamos a los directores para las reuniones de implicaci&oacute;n, obtenemos y distribuimos informes siempre que sea necesario y proporcionamos una respuesta por escrito en caso de una recomendaci&oacute;n negativa.<\/li>\n<li>Programa de implicaci&oacute;n de accionistas: una campa&ntilde;a meticulosamente planificada y ejecutada para extraer el m&aacute;ximo nivel de apoyo y participaci&oacute;n de los accionistas institucionales y particulares.<\/li>\n<li>Campa&ntilde;as en micro website, redes sociales, anuncios y correo electr&oacute;nico<\/li>\n<li>\n<\/li><\/ul>\n[\/vc_column_text][\/vc_column][\/vc_row][vc_row column_spacing=&raquo;0px&raquo; max_width_custom=&raquo;980px&raquo;][vc_column][vc_column_text css=&raquo;.vc_custom_1738668322200{padding-top: 15px !important;padding-bottom: 15px !important;padding-left: 40px !important;background-color: #393939 !important;}&raquo; font_size=&raquo;lg&raquo; font_weight=&raquo;semibold&raquo; color=&raquo;#ffffff&raquo;]<a href=\"https:\/\/allianceadvisors.com\/es\/transactions-categories\/special-situations-and-activism-transactions-es\/\">Ver transacciones &gt;<\/a>[\/vc_column_text][\/vc_column][\/vc_row][\/vc_section][vc_row][vc_column]<div class=\"vcex-spacing wpex-w-100 wpex-clear\" style=\"height:45px;\"><\/div>[\/vc_column][\/vc_row][vc_section css_animation=&raquo;fadeIn&raquo; local_scroll_id=&raquo;shareholder-engagement-solicitation&raquo;][vc_row column_spacing=&raquo;0px&raquo; remove_bottom_col_margin=&raquo;true&raquo; css=&raquo;.vc_custom_1736852927643{padding-top: 40px !important;padding-right: 40px !important;padding-bottom: 40px !important;padding-left: 40px !important;background-color: #FFFFFF !important;}&raquo; max_width_custom=&raquo;980px&raquo;][vc_column]<style>.vcex-heading.vcex_69ebeed1a6228{color:var(--wpex-accent);font-size:var(--wpex-text-4xl);font-weight:600;text-transform:capitalize;line-height:var(--wpex-leading-snug);}<\/style><div class=\"vcex-heading vcex-heading-plain vcex-module wpex-heading wpex-text-2xl wpex-mb-40 vcex_69ebeed1a6228\"><span class=\"vcex-heading-inner wpex-inline-block\">Activismo: Proxy Fights<\/span><\/div>[vc_column_text css=&raquo;.vc_custom_1738668306039{padding-bottom: 12px !important;}&raquo; font_size=&raquo;lg&raquo; text_transform=&raquo;uppercase&raquo; color=&raquo;#df261c&raquo; font_weight=&raquo;500&Prime;]&iquest;Qu&eacute; hacemos?[\/vc_column_text][vc_column_text css=&raquo;&raquo; color=&raquo;accent&raquo; line_height=&raquo;snug&raquo; el_class=&raquo;g24-bullets&raquo;]Alliance Advisors puede asesorar a las empresas sobre c&oacute;mo defenderse de los ataques de activistas o puede asesorar a un activista.\n<ul>\n<li>Todos los programas de defensa de activistas comienzan con un an&aacute;lisis de inversores institucionales para identificar a los accionistas principales.<\/li>\n<li>Podemos asesorar sobre el contenido apropiado de las declaraciones p&uacute;blicas, as&iacute; como sobre qu&eacute; enviar a los accionistas y cu&aacute;ndo hacerlo.<\/li>\n<li>Una vez haya comenzado la lucha, podemos llevar a cabo programas de contacto con accionistas tanto institucionales como particulares.<\/li>\n<li>A trav&eacute;s de nuestra divisi&oacute;n de log&iacute;stica de representaci&oacute;n, trabajamos con presentaciones a la SEC, impresiones, captaci&oacute;n de representantes y c&oacute;mputo de votos.<\/li>\n<\/ul>\n[\/vc_column_text][\/vc_column][\/vc_row][vc_row column_spacing=&raquo;0px&raquo; max_width_custom=&raquo;980px&raquo;][vc_column][vc_column_text css=&raquo;.vc_custom_1738668333115{padding-top: 15px !important;padding-bottom: 15px !important;padding-left: 40px !important;background-color: #393939 !important;}&raquo; font_size=&raquo;lg&raquo; font_weight=&raquo;semibold&raquo; color=&raquo;#ffffff&raquo;]<a href=\"https:\/\/allianceadvisors.com\/es\/transactions-categories\/special-situations-and-activism-transactions-es\/\">Ver transacciones &gt;<\/a>[\/vc_column_text][\/vc_column][\/vc_row][\/vc_section][vc_row][vc_column]<div class=\"vcex-spacing wpex-w-100 wpex-clear\" style=\"height:45px;\"><\/div>[\/vc_column][\/vc_row][vc_section css_animation=&raquo;fadeIn&raquo; local_scroll_id=&raquo;shareholder-engagement-solicitation&raquo;][vc_row column_spacing=&raquo;0px&raquo; remove_bottom_col_margin=&raquo;true&raquo; css=&raquo;.vc_custom_1736852941394{padding-top: 40px !important;padding-right: 40px !important;padding-bottom: 40px !important;padding-left: 40px !important;background-color: #FFFFFF !important;}&raquo; max_width_custom=&raquo;980px&raquo;][vc_column]<style>.vcex-heading.vcex_69ebeed1a6f43{color:var(--wpex-accent);font-size:var(--wpex-text-4xl);font-weight:600;text-transform:capitalize;}<\/style><div class=\"vcex-heading vcex-heading-plain vcex-module wpex-heading wpex-text-2xl wpex-mb-40 vcex_69ebeed1a6f43\"><span class=\"vcex-heading-inner wpex-inline-block\">Situaciones especiales: agente de informaci&oacute;n<\/span><\/div>[vc_column_text css=&raquo;.vc_custom_1738668360117{padding-bottom: 12px !important;}&raquo; font_size=&raquo;lg&raquo; text_transform=&raquo;uppercase&raquo; color=&raquo;#df261c&raquo; font_weight=&raquo;500&Prime;]&iquest;Qu&eacute; hacemos?[\/vc_column_text][vc_column_text css=&raquo;&raquo; color=&raquo;accent&raquo; line_height=&raquo;snug&raquo; el_class=&raquo;g24-bullets&raquo;]Alliance Advisors puede asesorar sobre ofertas p&uacute;blicas de adquisici&oacute;n, canjes y todo tipo de situaciones especiales. Para ello, tomamos medidas como las siguientes:\n<ul>\n<li>Distribuci&oacute;n de materiales de oferta a los departamentos de acci&oacute;n empresarial de bancos e intermediarios.<\/li>\n<li>Seguimiento de la recepci&oacute;n de la transacci&oacute;n en cuesti&oacute;n por parte de los accionistas a trav&eacute;s de interacciones con los m&aacute;s importantes.<\/li>\n<li>Preparaci&oacute;n y formaci&oacute;n del personal para responder las llamadas entrantes relacionadas con la transacci&oacute;n.<\/li>\n<li>Seguimiento de las respuestas reales que lleguen a los departamentos de Acci&oacute;n Empresarial.<\/li>\n<\/ul>\n[\/vc_column_text][\/vc_column][\/vc_row][vc_row column_spacing=&raquo;0px&raquo; max_width_custom=&raquo;980px&raquo;][vc_column][vc_column_text css=&raquo;.vc_custom_1738668348885{padding-top: 15px !important;padding-bottom: 15px !important;padding-left: 40px !important;background-color: #393939 !important;}&raquo; font_size=&raquo;lg&raquo; font_weight=&raquo;semibold&raquo; color=&raquo;#ffffff&raquo;]<a href=\"https:\/\/allianceadvisors.com\/es\/transactions-categories\/special-situations-and-activism-transactions-es\/\">Ver transacciones &gt;<\/a>[\/vc_column_text][\/vc_column][\/vc_row][\/vc_section]\n<\/div>","protected":false},"excerpt":{"rendered":"<p>[vc_section css_animation=\u00bbfadeIn\u00bb local_scroll_id=\u00bbshareholder-engagement-solicitation\u00bb][vc_row column_spacing=\u00bb0px\u00bb remove_bottom_col_margin=\u00bbtrue\u00bb css=\u00bb.vc_custom_1736852909596{padding-top: 40px !important;padding-right: 40px !important;padding-bottom: 40px !important;padding-left: 40px !important;background-color: #FFFFFF !important;}\u00bb max_width_custom=\u00bb980px\u00bb][vc_column][vc_column_text css=\u00bb.vc_custom_1738668299244{padding-bottom: 12px !important;}\u00bb font_size=\u00bblg\u00bb text_transform=\u00bbuppercase\u00bb color=\u00bb#df261c\u00bb font_weight=\u00bb500&#8243;]\u00bfQu\u00e9 hacemos?[\/vc_column_text][vc_column_text css=\u00bb\u00bb color=\u00bbaccent\u00bb line_height=\u00bbsnug\u00bb el_class=\u00bbg24-bullets\u00bb] Revisi\u00f3n de la documentaci\u00f3n \u2013 Gobernanza y env\u00edo de mensajes: este servicio incluye la aportaci\u00f3n de sugerencias para toda la documentaci\u00f3n, as\u00ed como la carta del&hellip;<\/p>\n","protected":false},"author":9,"featured_media":64815,"parent":0,"menu_order":0,"comment_status":"closed","ping_status":"closed","template":"","meta":{"footnotes":""},"class_list":["post-36502","page","type-page","status-publish","has-post-thumbnail","hentry","entry","has-media"],"_links":{"self":[{"href":"https:\/\/allianceadvisors.com\/es\/wp-json\/wp\/v2\/pages\/36502","targetHints":{"allow":["GET"]}}],"collection":[{"href":"https:\/\/allianceadvisors.com\/es\/wp-json\/wp\/v2\/pages"}],"about":[{"href":"https:\/\/allianceadvisors.com\/es\/wp-json\/wp\/v2\/types\/page"}],"author":[{"embeddable":true,"href":"https:\/\/allianceadvisors.com\/es\/wp-json\/wp\/v2\/users\/9"}],"replies":[{"embeddable":true,"href":"https:\/\/allianceadvisors.com\/es\/wp-json\/wp\/v2\/comments?post=36502"}],"version-history":[{"count":7,"href":"https:\/\/allianceadvisors.com\/es\/wp-json\/wp\/v2\/pages\/36502\/revisions"}],"predecessor-version":[{"id":54969,"href":"https:\/\/allianceadvisors.com\/es\/wp-json\/wp\/v2\/pages\/36502\/revisions\/54969"}],"wp:featuredmedia":[{"embeddable":true,"href":"https:\/\/allianceadvisors.com\/es\/wp-json\/wp\/v2\/media\/64815"}],"wp:attachment":[{"href":"https:\/\/allianceadvisors.com\/es\/wp-json\/wp\/v2\/media?parent=36502"}],"curies":[{"name":"wp","href":"https:\/\/api.w.org\/{rel}","templated":true}]}}