{"id":36373,"date":"2023-03-17T11:53:53","date_gmt":"2023-03-17T15:53:53","guid":{"rendered":"https:\/\/allianceadvisors.com\/contacto-con-particulares\/"},"modified":"2025-07-15T09:28:14","modified_gmt":"2025-07-15T13:28:14","slug":"participacion-minorista","status":"publish","type":"page","link":"https:\/\/allianceadvisors.com\/es\/participacion-minorista\/","title":{"rendered":"Participaci\u00f3n minorista"},"content":{"rendered":"<div class=\"wpb-content-wrapper\">[vc_section css_animation=&raquo;fadeIn&raquo; local_scroll_id=&raquo;shareholder-engagement-solicitation&raquo;][vc_row column_spacing=&raquo;0px&raquo; remove_bottom_col_margin=&raquo;true&raquo; css=&raquo;.vc_custom_1736852909596{padding-top: 40px !important;padding-right: 40px !important;padding-bottom: 40px !important;padding-left: 40px !important;background-color: #FFFFFF !important;}&raquo; max_width_custom=&raquo;980px&raquo;][vc_column]<style>.vcex-heading.vcex_69ded14f5e7b4{color:var(--wpex-accent);font-size:var(--wpex-text-4xl);font-weight:600;text-transform:capitalize;}<\/style><div class=\"vcex-heading vcex-heading-plain vcex-module wpex-heading wpex-text-2xl wpex-mb-40 vcex_69ded14f5e7b4\"><span class=\"vcex-heading-inner wpex-inline-block\">Alliance Advisors proporciona una gama completa de estrategias de comunicaci&oacute;n con accionistas minoristas<\/span><\/div>[vc_column_text css=&raquo;.vc_custom_1738164408782{padding-bottom: 12px !important;}&raquo; font_size=&raquo;lg&raquo; text_transform=&raquo;uppercase&raquo; color=&raquo;#df261c&raquo; font_weight=&raquo;500&Prime;]Qu&eacute; hacemos[\/vc_column_text][vc_column_text css=&raquo;&raquo; color=&raquo;accent&raquo; line_height=&raquo;snug&raquo; el_class=&raquo;g24-bullets&raquo;]Cada a&ntilde;o, Alliance Advisors se comunica con millones de accionistas a trav&eacute;s de diversas estrategias de solicitud para generar participaci&oacute;n en votaciones para juntas anuales y extraordinarias. Nuestras campa&ntilde;as se llevan a cabo en una variedad de perfiles de accionistas minoristas para empresas cotizadas tradicionales, empresas con alta participaci&oacute;n minorista, Fondos Abiertos, Fondos Cerrados, ETF, REIT y BDC.\n<p>Nos acercamos a sus accionistas con el m&aacute;ximo profesionalismo. Combinando las &uacute;ltimas herramientas tecnol&oacute;gicas con un alto nivel de toque humano, Alliance Advisors cuenta con la experiencia y la infraestructura necesarias para interactuar con los accionistas minoristas y asegurar votos favorables para el Consejo.<\/p>\n<p><strong>Nuestra Plataforma<\/strong><\/p>\n<p>En Alliance Advisors contamos con los recursos y el compromiso para ofrecer resultados de votaci&oacute;n exitosos. Nuestra plataforma virtual segura permite una expansi&oacute;n ilimitada de agentes. Esta plataforma hace que las preocupaciones de capacidad sean inexistentes. Adem&aacute;s de la solicitud telef&oacute;nica, ofrecemos comunicaciones por tel&eacute;fono m&oacute;vil con plataformas de Text-to-Vote y Email-to-Vote personalizadas dise&ntilde;adas para maximizar los retornos de votaci&oacute;n.<\/p>\n<p>Nuestra plataforma est&aacute; compuesta por las siguientes herramientas de votaci&oacute;n:<\/p>\n<ul>\n<li><strong>Llamadas telef&oacute;nicas salientes:<\/strong> Nuestro &ldquo;centro de llamadas&rdquo; virtual basado en la nube cuenta con agentes geogr&aacute;ficamente dispersos para permitir una gesti&oacute;n &oacute;ptima de zonas horarias. Nuestra plataforma nos permite escalar la capacidad de llamadas salientes seg&uacute;n sea necesario. Podemos proporcionar agentes para llamadas entrantes y agentes biling&uuml;es, si se requiere.<\/li>\n<li><strong>Text to Vote:<\/strong> Dado que muchos accionistas son reacios a atender llamadas de n&uacute;meros desconocidos, ofrecemos servicios de Text-to-Vote. Text-to-Vote es una herramienta eficaz de recopilaci&oacute;n de votos y nos permite enviar un mensaje corto que contiene un enlace incrustado a una p&aacute;gina de votaci&oacute;n. Los accionistas registrados o NOBO pueden votar r&aacute;pida y f&aacute;cilmente desde sus tel&eacute;fonos m&oacute;viles.<\/li>\n<li><strong>Votaci&oacute;n por Correo Electr&oacute;nico:<\/strong> Similar a nuestra opci&oacute;n de Text-to-Vote, nuestra opci&oacute;n de correo electr&oacute;nico entrega un mensaje m&aacute;s descriptivo a los accionistas registrados y NOBO. Ambos m&eacute;todos simplifican y agilizan la participaci&oacute;n en la votaci&oacute;n a solo unos pocos clics.<\/li>\n<li><strong>Impresi&oacute;n, Correo y Tabulaci&oacute;n:<\/strong> Adem&aacute;s de los esfuerzos de solicitud, Alliance proporciona informes de tabulaci&oacute;n detallados en todas las campa&ntilde;as a trav&eacute;s del acceso a nuestro portal digital, Invictus. Invictus proporciona informes de votaci&oacute;n en tiempo real, a nivel ejecutivo y detallados con una progresi&oacute;n visual de la votaci&oacute;n, permiti&eacute;ndole mantener un pulso constante sobre el estado de la campa&ntilde;a.\n<div class=\"vcex-spacing wpex-w-100 wpex-clear\"><\/div>\n<p>Nuestra soluci&oacute;n de impresi&oacute;n\/correo\/distribuci&oacute;n electr&oacute;nica nos permite operar a escala, gestionando env&iacute;os iniciales y de seguimiento para campa&ntilde;as que involucran a millones de accionistas individuales. Adem&aacute;s, contamos con un equipo interno de dise&ntilde;o para proporcionar comunicaciones de solicitud mejoradas y personalizadas, tanto en formatos impresos como digitales.<\/p><\/li>\n<\/ul>\n[\/vc_column_text][\/vc_column][\/vc_row][vc_row column_spacing=&raquo;0px&raquo; max_width_custom=&raquo;980px&raquo;][vc_column][vc_column_text css=&raquo;.vc_custom_1738164426639{padding-top: 15px !important;padding-bottom: 15px !important;padding-left: 40px !important;background-color: #393939 !important;}&raquo; font_size=&raquo;lg&raquo; font_weight=&raquo;semibold&raquo; color=&raquo;#ffffff&raquo;]<a href=\"https:\/\/allianceadvisors.com\/es\/transactions-categories\/retail-outreach-es\/\">Ver transacciones  &gt;<\/a>[\/vc_column_text][\/vc_column][\/vc_row][\/vc_section][vc_section css_animation=&raquo;fadeIn&raquo; local_scroll_id=&raquo;shareholder-engagement-solicitation&raquo; css=&raquo;.vc_custom_1749625605959{padding-top: 60px !important;}&raquo;][vc_row column_spacing=&raquo;0px&raquo; remove_bottom_col_margin=&raquo;true&raquo; css=&raquo;.vc_custom_1736852909596{padding-top: 40px !important;padding-right: 40px !important;padding-bottom: 40px !important;padding-left: 40px !important;background-color: #FFFFFF !important;}&raquo; max_width_custom=&raquo;980px&raquo;][vc_column]<style>.vcex-heading.vcex_69ded14f5f6a7{color:var(--wpex-accent);font-size:var(--wpex-text-4xl);font-weight:600;text-transform:capitalize;}<\/style><div class=\"vcex-heading vcex-heading-plain vcex-module wpex-heading wpex-text-2xl wpex-mb-40 vcex_69ded14f5f6a7\"><span class=\"vcex-heading-inner wpex-inline-block\">Gesti&oacute;n de programas de lotes impares<\/span><\/div>[vc_column_text css=&raquo;.vc_custom_1749625676627{padding-bottom: 30px !important;}&raquo; color=&raquo;accent&raquo; line_height=&raquo;snug&raquo; el_class=&raquo;g24-bullets&raquo;]En Alliance Advisors, gestionamos todo el ciclo de vida de un Programa Odd-Lot, desde la estrategia hasta la ejecuci&oacute;n. Nuestra soluci&oacute;n llave en mano garantiza que tanto tu empresa como tus accionistas se beneficien de un proceso fluido y profesional.[\/vc_column_text][vc_column_text css=&raquo;.vc_custom_1749625694093{padding-bottom: 12px !important;}&raquo; font_size=&raquo;lg&raquo; text_transform=&raquo;uppercase&raquo; color=&raquo;#df261c&raquo; font_weight=&raquo;500&Prime;]Nuestros servicios incluyen:[\/vc_column_text][vc_column_text css=&raquo;&raquo; color=&raquo;accent&raquo; line_height=&raquo;snug&raquo; el_class=&raquo;g24-bullets&raquo;]\n<ul>\n<li><strong>Dise&ntilde;o estrat&eacute;gico del programa<\/strong><br>\nAdaptamos el programa a los objetivos de tu empresa, ya sea la reducci&oacute;n de costes, la limpieza de la empresa o el compromiso de los accionistas.<\/li>\n<li><strong>Materiales de oferta personalizados<\/strong><br>\nNos encargamos de la creaci&oacute;n y distribuci&oacute;n de comunicaciones personalizadas, incluidas cartas, formularios y preguntas frecuentes, para garantizar que los accionistas entienden claramente la oferta y c&oacute;mo participar.<\/li>\n<li><strong>Comunicaci&oacute;n multicanal<\/strong><br>\nProporcionamos asistencia a los accionistas, tanto de salida como de entrada, por tel&eacute;fono, correo electr&oacute;nico y correo postal, para facilitar una experiencia fluida a los participantes.<\/li>\n<li><strong>Procesamiento de ofertas y coordinaci&oacute;n de intermediarios<\/strong><br>\nSupervisamos todo el proceso de back-end, desde la recepci&oacute;n de ofertas hasta la coordinaci&oacute;n con los intermediarios y la ejecuci&oacute;n de las ventas de acciones.<\/li>\n<li><strong>Cumplimiento de la normativa y elaboraci&oacute;n de informes<\/strong><br>\nNos aseguramos de que tu Programa de Imparcialidad cumpla la normativa aplicable en materia de valores y proporcionamos informes exhaustivos a lo largo de todo el programa.<\/li>\n<\/ul>\n[\/vc_column_text][vc_column_text css=&raquo;.vc_custom_1749625806213{padding-top: 30px !important;padding-bottom: 12px !important;}&raquo; font_size=&raquo;lg&raquo; text_transform=&raquo;uppercase&raquo; color=&raquo;#df261c&raquo; font_weight=&raquo;500&Prime;]Resultados esperados[\/vc_column_text][vc_column_text css=&raquo;&raquo; color=&raquo;accent&raquo; line_height=&raquo;snug&raquo; el_class=&raquo;g24-bullets&raquo;]Implantar un Programa de Lotes Impares puede generar beneficios significativos para tu empresa:\n<ul>\n<li><strong>Menores costes de atenci&oacute;n al accionista<\/strong><br>\nAl reducir el n&uacute;mero de cuentas que necesitan recibir materiales, votar delegaciones de voto y mantenerse en los sistemas, las empresas pueden ahorrar miles al a&ntilde;o.<\/li>\n<li><strong>Registros de accionistas m&aacute;s limpios<\/strong><br>\nElimina las cuentas obsoletas o con poca actividad, lo que da lugar a una base de accionistas racionalizada y m&aacute;s precisa.<\/li>\n<li><strong>Experiencia mejorada para el accionista<\/strong><br>\nLos titulares de lote impar suelen ser particulares que prefieren una forma sencilla de vender acciones. El programa les ofrece una salida c&oacute;moda, a menudo sin comisiones.<\/li>\n<li><strong>Eficiencia de la delegaci&oacute;n<\/strong> de <strong>voto<\/strong><br>\nCon menos accionistas con los que contactar durante las temporadas de delegaci&oacute;n de voto, tu empresa ahorra significativamente en costes de correo, solicitud y seguimiento.<\/li>\n<\/ul>\n[\/vc_column_text][vc_column_text css=&raquo;.vc_custom_1749625880965{padding-top: 30px !important;padding-bottom: 12px !important;}&raquo; font_size=&raquo;lg&raquo; text_transform=&raquo;uppercase&raquo; color=&raquo;#df261c&raquo; font_weight=&raquo;500&Prime;]Por qu&eacute; las empresas eligen nuestros programas de lotes impares[\/vc_column_text][vc_column_text css=&raquo;&raquo; color=&raquo;accent&raquo; line_height=&raquo;snug&raquo; el_class=&raquo;g24-bullets&raquo;]Aportamos <strong>experiencia, eficacia y cuidado<\/strong> a cada programa que dirigimos. Tanto si quieres ahorrar costes, preparar una votaci&oacute;n por delegaci&oacute;n o limpiar tu registro de accionistas, nuestros servicios de loter&iacute;a te ofrecen un retorno de la inversi&oacute;n cuantificable.\n<p>Deja que te ayudemos a racionalizar tu base de accionistas, al tiempo que ofrecemos a tus inversores una soluci&oacute;n sin complicaciones.[\/vc_column_text][\/vc_column][\/vc_row][vc_row column_spacing=&raquo;0px&raquo; disable_element=&raquo;yes&raquo; max_width_custom=&raquo;980px&raquo;][vc_column][vc_column_text css=&raquo;.vc_custom_1738164426639{padding-top: 15px !important;padding-bottom: 15px !important;padding-left: 40px !important;background-color: #393939 !important;}&raquo; font_size=&raquo;lg&raquo; font_weight=&raquo;semibold&raquo; color=&raquo;#ffffff&raquo;]<a href=\"https:\/\/allianceadvisors.com\/es\/transactions-categories\/retail-outreach-es\/\">Ver transacciones  &gt;<\/a>[\/vc_column_text][\/vc_column][\/vc_row][\/vc_section]\n<\/p><\/div>","protected":false},"excerpt":{"rendered":"<p>[vc_section css_animation=\u00bbfadeIn\u00bb local_scroll_id=\u00bbshareholder-engagement-solicitation\u00bb][vc_row column_spacing=\u00bb0px\u00bb remove_bottom_col_margin=\u00bbtrue\u00bb css=\u00bb.vc_custom_1736852909596{padding-top: 40px !important;padding-right: 40px !important;padding-bottom: 40px !important;padding-left: 40px !important;background-color: #FFFFFF !important;}\u00bb max_width_custom=\u00bb980px\u00bb][vc_column][vc_column_text css=\u00bb.vc_custom_1738164408782{padding-bottom: 12px !important;}\u00bb font_size=\u00bblg\u00bb text_transform=\u00bbuppercase\u00bb color=\u00bb#df261c\u00bb font_weight=\u00bb500&#8243;]Qu\u00e9 hacemos[\/vc_column_text][vc_column_text css=\u00bb\u00bb color=\u00bbaccent\u00bb line_height=\u00bbsnug\u00bb el_class=\u00bbg24-bullets\u00bb]Cada a\u00f1o, Alliance Advisors se comunica con millones de accionistas a trav\u00e9s de diversas estrategias de solicitud para generar participaci\u00f3n en votaciones para juntas anuales y extraordinarias.&hellip;<\/p>\n","protected":false},"author":9,"featured_media":64779,"parent":0,"menu_order":0,"comment_status":"closed","ping_status":"closed","template":"","meta":{"footnotes":""},"class_list":["post-36373","page","type-page","status-publish","has-post-thumbnail","hentry","entry","has-media"],"_links":{"self":[{"href":"https:\/\/allianceadvisors.com\/es\/wp-json\/wp\/v2\/pages\/36373","targetHints":{"allow":["GET"]}}],"collection":[{"href":"https:\/\/allianceadvisors.com\/es\/wp-json\/wp\/v2\/pages"}],"about":[{"href":"https:\/\/allianceadvisors.com\/es\/wp-json\/wp\/v2\/types\/page"}],"author":[{"embeddable":true,"href":"https:\/\/allianceadvisors.com\/es\/wp-json\/wp\/v2\/users\/9"}],"replies":[{"embeddable":true,"href":"https:\/\/allianceadvisors.com\/es\/wp-json\/wp\/v2\/comments?post=36373"}],"version-history":[{"count":17,"href":"https:\/\/allianceadvisors.com\/es\/wp-json\/wp\/v2\/pages\/36373\/revisions"}],"predecessor-version":[{"id":59718,"href":"https:\/\/allianceadvisors.com\/es\/wp-json\/wp\/v2\/pages\/36373\/revisions\/59718"}],"wp:featuredmedia":[{"embeddable":true,"href":"https:\/\/allianceadvisors.com\/es\/wp-json\/wp\/v2\/media\/64779"}],"wp:attachment":[{"href":"https:\/\/allianceadvisors.com\/es\/wp-json\/wp\/v2\/media?parent=36373"}],"curies":[{"name":"wp","href":"https:\/\/api.w.org\/{rel}","templated":true}]}}