{"id":36328,"date":"2018-11-19T19:50:38","date_gmt":"2018-11-20T00:50:38","guid":{"rendered":"https:\/\/allianceadvisors.com\/inicio\/"},"modified":"2026-03-25T06:31:25","modified_gmt":"2026-03-25T10:31:25","slug":"inicio","status":"publish","type":"page","link":"https:\/\/allianceadvisors.com\/es\/","title":{"rendered":"Yendo m\u00e1s all\u00e1, para lograr sus objetivos"},"content":{"rendered":"<div class=\"wpb-content-wrapper\">[vc_section css_animation=&raquo;fadeIn&raquo;][vc_row full_width=&raquo;stretch_row&raquo; content_placement=&raquo;bottom&raquo; column_spacing=&raquo;0px&raquo; remove_bottom_col_margin=&raquo;true&raquo; wpex_bg_image_source=&raquo;featured&raquo; css=&raquo;.vc_custom_1773729229668{background-position: center !important;background-repeat: no-repeat !important;background-size: cover !important;}&raquo; wpex_bg_position=&raquo;center bottom&raquo;][vc_column css_animation=&raquo;none&raquo; css=&raquo;.vc_custom_1773571522820{background-position: center !important;background-repeat: no-repeat !important;background-size: cover !important;}&raquo;]<div class=\"vcex-spacing wpex-w-100 wpex-clear\" style=\"height:180px;\"><\/div><style>.vcex-heading.vcex_69d34dcc81068{width:650px;font-size:var(--wpex-text-6xl);font-weight:700;line-height:var(--wpex-leading-tight);}@media (max-width:479px){.vcex-heading.vcex_69d34dcc81068{font-size:34px;}}<\/style><h1 class=\"vcex-heading vcex-heading-plain vcex-module wpex-heading wpex-text-2xl wpex-max-w-100 wpex-mr-auto vc_custom_1774006831902 vcex_69d34dcc81068\"><span class=\"vcex-heading-inner wpex-inline-block\">Yendo m&aacute;s all&aacute;,<br>\npara lograr sus objetivos<\/span><\/h1>[\/vc_column][\/vc_row][vc_row full_width=&raquo;stretch_row&raquo; content_placement=&raquo;middle&raquo; column_spacing=&raquo;0px&raquo; css=&raquo;.vc_custom_1773571648025{background-position: center !important;background-repeat: no-repeat !important;background-size: cover !important;}&raquo; wpex_bg_color=&raquo;palette-63606&Prime;][vc_column css_animation=&raquo;none&raquo; css=&raquo;.vc_custom_1773571751795{background-position: center !important;background-repeat: no-repeat !important;background-size: cover !important;}&raquo; wpex_bg_color=&raquo;palette-63606&Prime;][vc_column_text css_animation=&raquo;none&raquo; align=&raquo;left&raquo; css=&raquo;.vc_custom_1774006861691{padding-bottom: 50px !important;padding-left: 57px !important;}&raquo; width=&raquo;650px&raquo; font_size=&raquo;2xl&raquo; font_weight=&raquo;600&Prime; wpex_bg_color=&raquo;#ffffff&raquo; color=&raquo;on-accent&raquo;]<a class=\"wpex-lightbox vcex_69ae7960ade63\" href=\"#our-services\">Nuestros Servicios &gt;<\/a>[\/vc_column_text]<div class=\"vcex-spacing wpex-w-100 wpex-clear\" style=\"height:80px;\"><\/div>[\/vc_column][\/vc_row][\/vc_section][vc_row column_spacing=&raquo;0px&raquo; remove_bottom_col_margin=&raquo;true&raquo; visibility=&raquo;hidden&raquo; el_id=&raquo;our-services&raquo;][vc_column css_animation=&raquo;fadeInUp&raquo;]<div class=\"vcex-shortcode wpex-clr\"><div class=\"wpex-template-shortcode\"><style type=\"text\/css\" data-type=\"vc_shortcodes-custom-css\">.vc_custom_1738325566191{border-bottom-width: 40px !important;background-color: #FFFFFF !important;border-bottom-style: solid !important;border-color: #F5B335 !important;}.vc_custom_1738325553864{border-bottom-width: 1px !important;border-bottom-style: solid !important;border-color: #3939396E !important;}.vc_custom_1737977077386{border-bottom-width: 1px !important;padding-top: 40px !important;padding-right: 40px !important;padding-left: 40px !important;border-bottom-style: solid !important;border-color: #3939396E !important;}.vc_custom_1737977058950{border-bottom-width: 1px !important;padding-top: 25px !important;padding-right: 40px !important;padding-left: 40px !important;border-bottom-style: solid !important;border-color: #3939396E !important;}.vc_custom_1737977037153{border-bottom-width: 1px !important;padding-top: 25px !important;padding-right: 40px !important;padding-left: 40px !important;border-bottom-style: solid !important;border-color: #3939396E !important;}.vc_custom_1737977015032{border-bottom-width: 1px !important;padding-top: 25px !important;padding-right: 40px !important;padding-left: 40px !important;border-bottom-style: solid !important;border-color: #3939396E !important;}.vc_custom_1737977311294{border-bottom-width: 1px !important;padding-top: 25px !important;padding-right: 40px !important;padding-left: 40px !important;border-bottom-style: solid !important;border-color: #3939396E !important;}.vc_custom_1737976982890{border-bottom-width: 1px !important;padding-top: 25px !important;padding-right: 40px !important;padding-left: 40px !important;border-bottom-style: solid !important;border-color: #3939396E !important;}.vc_custom_1736760954154{border-bottom-width: 1px !important;padding-top: 25px !important;padding-right: 40px !important;padding-left: 40px !important;border-bottom-style: solid !important;border-color: #3939396E !important;}.vc_custom_1737977300425{border-bottom-width: 50px !important;padding-top: 25px !important;padding-right: 40px !important;padding-left: 40px !important;border-bottom-style: solid !important;border-color: #F5B335 !important;}<\/style><div id=\"our-services\" class=\"vc_row wpb_row vc_row-fluid vc_custom_1738325566191 wpex-relative wpex-vc-has-custom-column-spacing wpex-vc-column-spacing-0px wpex-vc_row-has-fill no-bottom-margins wpex-vc-reset-negative-margin\"><div class=\"wpb_column wpb_animate_when_almost_visible wpb_fadeInUp fadeInUp vc_column_container vc_col-sm-12\"><div class=\"vc_column-inner\"><div class=\"wpb_wrapper\"><div class=\"vc_empty_space\" style=\"height: 32px\"><span class=\"vc_empty_space_inner\"><\/span><\/div><style>.vcex-navbar.vcex_69d34dcc8531f a.vcex-navbar-link{padding:20px;}.vcex-navbar.vcex_69d34dcc8531f a.vcex-navbar-link:is(:hover,.active){color:#f5b335;background:#898989;}.vcex-navbar.vcex_69d34dcc8531f{font-size:15px;}<\/style><nav class=\"vcex-navbar vcex-navbar--expanded vcex-module wpex-mb-0 vcex_69d34dcc8531f\"><div class=\"vcex-navbar-inner wpex-clr\"><a href=\"https:\/\/allianceadvisors.com\/shareholder-engagement-solicitation\/\" class=\"vcex-navbar-link vcex-navbar-link--30918 wpex-block wpex-float-left theme-button flat white expanded wpex-text-1em has-bg-hover vc_custom_1738325553864\"><span class=\"vcex-navbar-link-text\">Shareholder Meeting Advisory &amp; Shareholder Engagement<\/span><\/a><a href=\"https:\/\/allianceadvisors.com\/fund-solutions\/\" class=\"vcex-navbar-link vcex-navbar-link--63247 wpex-block wpex-float-left theme-button flat white expanded wpex-text-1em has-bg-hover vc_custom_1738325553864\"><span class=\"vcex-navbar-link-text\">Fund Solutions<\/span><\/a><a href=\"https:\/\/allianceadvisors.com\/compensation-governance-advisory\/\" class=\"vcex-navbar-link vcex-navbar-link--31049 wpex-block wpex-float-left theme-button flat white expanded wpex-text-1em has-bg-hover vc_custom_1738325553864\"><span class=\"vcex-navbar-link-text\">Compensation, Governance &amp; Sustainability Advisory<\/span><\/a><a href=\"https:\/\/allianceadvisors.com\/ma-activism-special-situations\/\" class=\"vcex-navbar-link vcex-navbar-link--31447 wpex-block wpex-float-left theme-button flat white expanded wpex-text-1em has-bg-hover vc_custom_1738325553864\"><span class=\"vcex-navbar-link-text\">M&amp;A, Activism &amp; Special Situations<\/span><\/a><a href=\"https:\/\/allianceadvisors.com\/proxy-logistics\/\" class=\"vcex-navbar-link vcex-navbar-link--31068 wpex-block wpex-float-left theme-button flat white expanded wpex-text-1em has-bg-hover vc_custom_1738325553864\"><span class=\"vcex-navbar-link-text\">Proxy Logistics &amp; Virtual Shareholder Meetings<\/span><\/a><a href=\"https:\/\/allianceadvisors.com\/stock-surveillance\/\" class=\"vcex-navbar-link vcex-navbar-link--30925 wpex-block wpex-float-left theme-button flat white expanded wpex-text-1em has-bg-hover vc_custom_1738325553864\"><span class=\"vcex-navbar-link-text\">Stock Surveillance<\/span><\/a><a href=\"https:\/\/allianceadvisorsir.com\/\" class=\"vcex-navbar-link vcex-navbar-link--52243 wpex-block wpex-float-left theme-button flat white expanded wpex-text-1em has-bg-hover vc_custom_1738325553864\" target=\"_blank\" rel=\"noopener\"><span class=\"vcex-navbar-link-text\">Investor Relations<\/span><\/a><a href=\"https:\/\/allianceadvisors.com\/retail-engagement\/\" class=\"vcex-navbar-link vcex-navbar-link--30920 wpex-block wpex-float-left theme-button flat white expanded wpex-text-1em has-bg-hover vc_custom_1738325553864\"><span class=\"vcex-navbar-link-text\">Retail Engagement<\/span><\/a><a href=\"https:\/\/allianceadvisors.com\/invictus\/\" class=\"vcex-navbar-link vcex-navbar-link--32465 wpex-block wpex-float-left theme-button flat white expanded wpex-text-1em has-bg-hover vc_custom_1738325553864\"><span class=\"vcex-navbar-link-text\">Invictus<\/span><\/a><\/div><\/nav><\/div><\/div><\/div><\/div>\n<\/div><\/div>[\/vc_column][\/vc_row][vc_row content_placement=&raquo;middle&raquo; column_spacing=&raquo;0px&raquo; equal_height=&raquo;yes&raquo; remove_bottom_col_margin=&raquo;true&raquo;][vc_column]<div class=\"vcex-spacing wpex-w-100 wpex-clear\" style=\"height:50px;\"><\/div>[vc_column_text css_animation=&raquo;fadeInUp&raquo; css=&raquo;.vc_custom_1774434680090{background-position: center !important;background-repeat: no-repeat !important;background-size: cover !important;}&raquo; font_size=&raquo;d:lg|pp:20px&raquo; text_align=&raquo;center&raquo; width=&raquo;900px&raquo;]\n<div class=\"page\" title=\"Page 1\">\n<div class=\"section\">\n<div class=\"layoutArea\">\n<div class=\"column\">\n<p>Alliance Advisors es una firma de asesor&iacute;a independiente enfocada en Participaci&oacute;n y Solicitud de Accionistas, Compensaci&oacute;n, Gobernanza y Asesor&iacute;a de Sostenibilidad, Fusiones y Adquisiciones &ndash; Activismo, Vigilancia De Existencias, Relaciones con Inversionistas, Log&iacute;stica de Proxy y Estrategias de Alcance Minorista.<\/p>\n<p>Tenemos una base de clientes de larga data de m&aacute;s de 1000 empresas p&uacute;blicas activas de una variedad de industrias y tama&ntilde;o de capitalizaci&oacute;n de mercado. Nuestra sede se encuentra en los EE. UU., trabajando juntos como un solo equipo, en todo el mundo, en m&uacute;ltiples ubicaciones.<\/p>\n<p>Vamos m&aacute;s all&aacute; de la norma para desarrollar y ejecutar estrategias audaces que dan prioridad al cliente, lo que da como resultado resultados ganadores.<\/p>\n<div class=\"vcex-spacing wpex-w-100 wpex-clear\" style=\"height:60px;\"><\/div>\n<\/div>\n<\/div>\n<\/div>\n<\/div>\n[\/vc_column_text][\/vc_column][\/vc_row][vc_row css_animation=&raquo;fadeInUp&raquo; full_width=&raquo;stretch_row&raquo; content_placement=&raquo;bottom&raquo; equal_height=&raquo;yes&raquo; css=&raquo;.vc_custom_1774006879270{background-image: url(https:\/\/allianceadvisors.com\/wp-content\/uploads\/2026\/03\/AdobeStock_1240056706.jpeg.jpg?id=64863) !important;background-position: center !important;background-repeat: no-repeat !important;background-size: cover !important;}&raquo; wpex_bg_position=&raquo;center bottom&raquo; min_height=&raquo;750px&raquo;][vc_column css_animation=&raquo;fadeIn&raquo;]<div class=\"vcex-shortcode wpex-clr wpex-mb-15\"><div id=\"flipbox-widget-36433\" class=\"cfb_wrapper layout-5 flex-row\" data-flipboxid=\"flipbox-widget-36433\" data-bootstrap-status=\"enable\" data-fontawesome-icons=\"enable\"><div class=\"flex-col-md-3 cfb-box-1 cfb-box-wrapper\">\n                        <div class=\"flipbox-container cfb-layout-5 cfb-flip cfb-hover\" data-effect=\"y\" data-height=\"equal\">\n                            <div class=\"flipbox-front-layout flipbox-front-filled cfb-data\" style=\"background:#ffffff\"><div class=\"flipbox-front-description\">\n                                <h4>Nuestra prioridad son los clientes<\/h4>\n                                <p><\/p>\n                            <\/div>\n                            <\/div>\n                            <div class=\"flipbox-back-layout cfb-data\" style=\"background:#ffffff\">\n                                <p>Creemos firmemente que los clientes deben ser nuestra m&aacute;xima prioridad.&nbsp;  En Alliance Advisors, todos tenemos el objetivo com&uacute;n de proporcionarles grandes resultados.<\/p><\/div>\n                        <\/div>\n                    <\/div><div class=\"flex-col-md-3 cfb-box-2 cfb-box-wrapper\">\n                        <div class=\"flipbox-container cfb-layout-5 cfb-flip cfb-hover\" data-effect=\"y\" data-height=\"equal\">\n                            <div class=\"flipbox-front-layout flipbox-front-filled cfb-data\" style=\"background:#ffffff\"><div class=\"flipbox-front-description\">\n                                <h4>Especialistas<\/h4>\n                                <p><\/p>\n                            <\/div>\n                            <\/div>\n                            <div class=\"flipbox-back-layout cfb-data\" style=\"background:#ffffff\">\n                                <p>Somos un equipo de especialistas con conocimientos especializados y una amplia experiencia. Abarcamos todas las &aacute;reas del sector de los servicios financieros.<\/p><\/div>\n                        <\/div>\n                    <\/div><div class=\"flex-col-md-3 cfb-box-3 cfb-box-wrapper\">\n                        <div class=\"flipbox-container cfb-layout-5 cfb-flip cfb-hover\" data-effect=\"y\" data-height=\"equal\">\n                            <div class=\"flipbox-front-layout flipbox-front-filled cfb-data\" style=\"background:#ffffff\"><div class=\"flipbox-front-description\">\n                                <h4>Estamos en todo el mundo<\/h4>\n                                <p><\/p>\n                            <\/div>\n                            <\/div>\n                            <div class=\"flipbox-back-layout cfb-data\" style=\"background:#ffffff\">\n                                <p>Nuestra sede se encuentra en los EE.&nbsp;UU.&nbsp;  Trabajamos como un &uacute;nico equipo repartido en distintas ubicaciones de todo el mundo.<\/p><\/div>\n                        <\/div>\n                    <\/div><div class=\"flex-col-md-3 cfb-box-4 cfb-box-wrapper\">\n                        <div class=\"flipbox-container cfb-layout-5 cfb-flip cfb-hover\" data-effect=\"y\" data-height=\"equal\">\n                            <div class=\"flipbox-front-layout flipbox-front-filled cfb-data\" style=\"background:#ffffff\"><div class=\"flipbox-front-description\">\n                                <h4>M&aacute;s de 1200 clientes<\/h4>\n                                <p><\/p>\n                            <\/div>\n                            <\/div>\n                            <div class=\"flipbox-back-layout cfb-data\" style=\"background:#ffffff\">\n                                <p>Somos una empresa independiente propiedad de sus empleados con m&aacute;s de 1200 clientes de diferentes tama&ntilde;os, desde empresas de gran capitalizaci&oacute;n hasta otras de capitalizaci&oacute;n m&aacute;s baja.<\/p><\/div>\n                        <\/div>\n                    <\/div><\/div><\/div>[\/vc_column][\/vc_row][vc_section css_animation=&raquo;none&raquo; full_width=&raquo;stretch_row_content&raquo; css=&raquo;.vc_custom_1736519238153{background-color: #F3F3F3 !important;}&raquo;][vc_row css_animation=&raquo;none&raquo; full_width=&raquo;stretch_row&raquo; column_spacing=&raquo;0px&raquo; remove_bottom_col_margin=&raquo;true&raquo; css=&raquo;.vc_custom_1736518191767{padding-top: 50px !important;padding-bottom: 80px !important;background-position: center !important;background-repeat: no-repeat !important;background-size: cover !important;}&raquo;][vc_column][vc_column_text css=&raquo;.vc_custom_1738328014859{padding-bottom: 40px !important;background-position: center !important;background-repeat: no-repeat !important;background-size: cover !important;}&raquo; font_size=&raquo;4xl&raquo; line_height=&raquo;tight&raquo; text_align=&raquo;center&raquo; font_weight=&raquo;semibold&raquo; color=&raquo;#393939&Prime;]Nuestra Promesa[\/vc_column_text][vc_column_text css=&raquo;&raquo; text_align=&raquo;center&raquo; width=&raquo;800px&raquo; font_size=&raquo;d:lg|pp:lg&raquo; line_height=&raquo;normal&raquo; color=&raquo;#393939&Prime;]Sabemos lo que marca la diferencia entre rendir y sobresalir, entre perder y ganar, entre consejos cautelosos y estrategias audaces, y estamos listos para asumir nuevos desaf&iacute;os cuando surjan las oportunidades.\n<p>Nos impulsa el deseo de ir m&aacute;s all&aacute; en nuestra b&uacute;squeda de cumplir con nuestros clientes en cada una de nuestras asignaciones.[\/vc_column_text][\/vc_column][\/vc_row][\/vc_section]\n<\/p><\/div>","protected":false},"excerpt":{"rendered":"Yendo m\u00e1s all\u00e1, para lograr sus objetivos Nuestros Servicios &gt; Shareholder Meeting Advisory &#038; Shareholder EngagementFund SolutionsCompensation, Governance &#038; Sustainability AdvisoryM&#038;A, Activism &#038; Special SituationsProxy Logistics &#038; Virtual Shareholder MeetingsStock SurveillanceInvestor RelationsRetail EngagementInvictus Alliance Advisors es una firma de asesor\u00eda independiente enfocada en Participaci\u00f3n y Solicitud de Accionistas, Compensaci\u00f3n, Gobernanza y Asesor\u00eda de Sostenibilidad, Fusiones&hellip;","protected":false},"author":9,"featured_media":64759,"parent":0,"menu_order":0,"comment_status":"closed","ping_status":"closed","template":"","meta":{"footnotes":""},"class_list":["post-36328","page","type-page","status-publish","has-post-thumbnail","hentry","entry","has-media"],"_links":{"self":[{"href":"https:\/\/allianceadvisors.com\/es\/wp-json\/wp\/v2\/pages\/36328","targetHints":{"allow":["GET"]}}],"collection":[{"href":"https:\/\/allianceadvisors.com\/es\/wp-json\/wp\/v2\/pages"}],"about":[{"href":"https:\/\/allianceadvisors.com\/es\/wp-json\/wp\/v2\/types\/page"}],"author":[{"embeddable":true,"href":"https:\/\/allianceadvisors.com\/es\/wp-json\/wp\/v2\/users\/9"}],"replies":[{"embeddable":true,"href":"https:\/\/allianceadvisors.com\/es\/wp-json\/wp\/v2\/comments?post=36328"}],"version-history":[{"count":11,"href":"https:\/\/allianceadvisors.com\/es\/wp-json\/wp\/v2\/pages\/36328\/revisions"}],"predecessor-version":[{"id":65033,"href":"https:\/\/allianceadvisors.com\/es\/wp-json\/wp\/v2\/pages\/36328\/revisions\/65033"}],"wp:featuredmedia":[{"embeddable":true,"href":"https:\/\/allianceadvisors.com\/es\/wp-json\/wp\/v2\/media\/64759"}],"wp:attachment":[{"href":"https:\/\/allianceadvisors.com\/es\/wp-json\/wp\/v2\/media?parent=36328"}],"curies":[{"name":"wp","href":"https:\/\/api.w.org\/{rel}","templated":true}]}}